{"id":1184,"date":"2024-05-03T08:47:23","date_gmt":"2024-05-03T12:47:23","guid":{"rendered":"https:\/\/www.artsably.com\/?page_id=1184"},"modified":"2026-04-13T09:34:11","modified_gmt":"2026-04-13T13:34:11","slug":"notre-equipe","status":"publish","type":"page","link":"https:\/\/www.artsably.com\/fr\/our-team\/","title":{"rendered":"Notre \u00e9quipe"},"content":{"rendered":"<div class=\"wp-block-group has-global-padding is-layout-constrained wp-block-group-is-layout-constrained\">\n<div style=\"height:20px\" aria-hidden=\"true\" class=\"wp-block-spacer\"><\/div>\n\n\n\n<h2 class=\"wp-block-heading\">Diane Kolin<\/h2>\n\n\n\n<p><strong>Directrice et fondatrice<\/strong><\/p>\n\n\n\n<figure class=\"wp-block-image aligncenter size-large\"><img loading=\"lazy\" decoding=\"async\" width=\"1024\" height=\"716\" src=\"https:\/\/www.artsably.com\/wp-content\/uploads\/2024\/05\/Diane-Kolin-1024x716.jpg\" alt=\"Une femme blanche aux cheveux courts et aux lunettes portant un costume chinois et tenant un classeur de musique.\" class=\"wp-image-1185\" srcset=\"https:\/\/www.artsably.com\/wp-content\/uploads\/2024\/05\/Diane-Kolin-1024x716.jpg 1024w, https:\/\/www.artsably.com\/wp-content\/uploads\/2024\/05\/Diane-Kolin-300x210.jpg 300w, https:\/\/www.artsably.com\/wp-content\/uploads\/2024\/05\/Diane-Kolin-768x537.jpg 768w, https:\/\/www.artsably.com\/wp-content\/uploads\/2024\/05\/Diane-Kolin-1536x1074.jpg 1536w, https:\/\/www.artsably.com\/wp-content\/uploads\/2024\/05\/Diane-Kolin-18x12.jpg 18w, https:\/\/www.artsably.com\/wp-content\/uploads\/2024\/05\/Diane-Kolin-1320x923.jpg 1320w, https:\/\/www.artsably.com\/wp-content\/uploads\/2024\/05\/Diane-Kolin.jpg 2000w\" sizes=\"auto, (max-width: 1024px) 100vw, 1024px\" \/><\/figure>\n\n\n\n<p>Diane Kolin est conf\u00e9renci\u00e8re, chanteuse, professeur de chant, militante pour les droits des personnes handicap\u00e9es et auteure. Elle a obtenu une ma\u00eetrise et un doctorat en musicologie \u00e0 l'universit\u00e9 York de Toronto, au Canada.<\/p>\n\n\n\n<p>En tant que chanteuse, elle explore le r\u00e9pertoire des voix graves en tant que contralto classique et en tant qu'artiste de jazz. Elle se produit au Canada, aux \u00c9tats-Unis et en Europe. Elle milite pour une plus grande accessibilit\u00e9 dans les orchestres et les chorales.<\/p>\n\n\n\n<p>En tant que chercheuse dans le milieu universitaire, elle s'int\u00e9resse aux \u00e9tudes critiques sur le handicap, \u00e0 Ludwig van Beethoven et \u00e0 Franz Liszt. Sa th\u00e8se porte sur les musiciens professionnels, les compositeurs et les sp\u00e9cialistes de la musique handicap\u00e9s, dans les domaines crois\u00e9s de l'histoire de la musique, de l'\u00e9ducation musicale et des \u00e9tudes critiques sur le handicap. L'\u00e9tude de la surdit\u00e9 de Beethoven et l'histoire personnelle de Diane l'ont amen\u00e9e \u00e0 faire des recherches sur le handicap et la musique. Ses collaborations avec des musiciens handicap\u00e9s dans le monde musical professionnel lui permettent d'exposer de nouvelles id\u00e9es pour rendre le monde artistique plus accessible aux personnes handicap\u00e9es et pour am\u00e9liorer l'accessibilit\u00e9 des lieux artistiques. Elle participe souvent \u00e0 des conf\u00e9rences pour pr\u00e9senter ses recherches et ses id\u00e9es.<\/p>\n\n\n\n<p>Entre ses fonctions de r\u00e9dactrice en chef du Journal de l'Association Beethoven France et Francophonie, Diane publie fr\u00e9quemment des chapitres de livres et des articles dans des revues sp\u00e9cialis\u00e9es. <\/p>\n\n\n\n<p>Ses publications sont disponibles sur son site web.<\/p>\n\n\n\n<p><a href=\"https:\/\/www.dianekolin.com\/publications\/\" target=\"_blank\" rel=\"noreferrer noopener\">Voir les publications de Diane Kolin<\/a><\/p>\n\n\n\n<div style=\"height:20px\" aria-hidden=\"true\" class=\"wp-block-spacer\"><\/div>\n\n\n\n<hr class=\"wp-block-separator has-alpha-channel-opacity\"\/>\n\n\n\n<div style=\"height:20px\" aria-hidden=\"true\" class=\"wp-block-spacer\"><\/div>\n\n\n\n<h2 class=\"wp-block-heading\">Alexia Vassos<\/h2>\n\n\n\n<p><strong>Responsable des r\u00e9seaux sociaux<\/strong><\/p>\n\n\n\n<figure class=\"wp-block-image aligncenter size-large\"><img loading=\"lazy\" decoding=\"async\" width=\"731\" height=\"1024\" src=\"https:\/\/www.artsably.com\/wp-content\/uploads\/2024\/05\/Alexia-Vassos2-731x1024.jpg\" alt=\"Une femme blanche aux longs cheveux blonds portant un haut noir.\" class=\"wp-image-1202\" srcset=\"https:\/\/www.artsably.com\/wp-content\/uploads\/2024\/05\/Alexia-Vassos2-731x1024.jpg 731w, https:\/\/www.artsably.com\/wp-content\/uploads\/2024\/05\/Alexia-Vassos2-214x300.jpg 214w, https:\/\/www.artsably.com\/wp-content\/uploads\/2024\/05\/Alexia-Vassos2-768x1075.jpg 768w, https:\/\/www.artsably.com\/wp-content\/uploads\/2024\/05\/Alexia-Vassos2-9x12.jpg 9w, https:\/\/www.artsably.com\/wp-content\/uploads\/2024\/05\/Alexia-Vassos2.jpg 1000w\" sizes=\"auto, (max-width: 731px) 100vw, 731px\" \/><\/figure>\n\n\n\n<p>Alexia Vassos est une actrice et une \u00e9crivaine actuellement bas\u00e9e \u00e0 Toronto. Ancienne \u00e9l\u00e8ve du programme conjoint d'\u00e9tudes th\u00e9\u00e2trales et dramatiques de l'universit\u00e9 de Toronto et du Sheridan College, elle est titulaire d'une licence en litt\u00e9rature avec mention et d'un dipl\u00f4me sup\u00e9rieur d'acteur. <\/p>\n\n\n\n<p>Depuis l'obtention de son dipl\u00f4me, elle est apparue sur sc\u00e8ne et \u00e0 l'\u00e9cran dans une vari\u00e9t\u00e9 de productions th\u00e9\u00e2trales, de campagnes commerciales et de projets t\u00e9l\u00e9visuels et cin\u00e9matographiques. R\u00e9cemment, Alexia a pu combiner son amour des arts avec sa passion pour la d\u00e9fense des personnes handicap\u00e9es, en mod\u00e9rant des \u00e9v\u00e9nements, en participant \u00e0 des panels et en animant des ateliers ax\u00e9s sur l'accessibilit\u00e9 au sein de l'industrie et refl\u00e9tant ses exp\u00e9riences en tant qu'artiste handicap\u00e9e. <\/p>\n\n\n\n<p>Elle travaille actuellement en tant que responsable des programmes et de la sensibilisation pour Creative Connector, recherchant et proposant aux artistes des opportunit\u00e9s d'acc\u00e8s et des activit\u00e9s culturelles li\u00e9es aux arts pour les personnes handicap\u00e9es \u00e0 travers le Canada, tout en sensibilisant la communaut\u00e9 des personnes handicap\u00e9es. Elle est ravie de rejoindre ArtsAbly dans sa mission d'am\u00e9lioration de l'acc\u00e8s aux arts.<\/p>\n\n\n\n<div style=\"height:20px\" aria-hidden=\"true\" class=\"wp-block-spacer\"><\/div>\n<\/div>","protected":false},"excerpt":{"rendered":"<p>Diane Kolin Director and Founder Diane Kolin (she\/her) is a keynote speaker, a singer, a voice teacher, a disability rights activist, and an author. She completed her MA and her [&hellip;]<\/p>\n","protected":false},"author":1,"featured_media":0,"parent":0,"menu_order":0,"comment_status":"closed","ping_status":"closed","template":"","meta":{"_EventAllDay":false,"_EventTimezone":"","_EventStartDate":"","_EventEndDate":"","_EventStartDateUTC":"","_EventEndDateUTC":"","_EventShowMap":false,"_EventShowMapLink":false,"_EventURL":"","_EventCost":"","_EventCostDescription":"","_EventCurrencySymbol":"","_EventCurrencyCode":"","_EventCurrencyPosition":"","_EventDateTimeSeparator":"","_EventTimeRangeSeparator":"","_EventOrganizerID":[],"_EventVenueID":[],"_OrganizerEmail":"","_OrganizerPhone":"","_OrganizerWebsite":"","_VenueAddress":"","_VenueCity":"","_VenueCountry":"","_VenueProvince":"","_VenueState":"","_VenueZip":"","_VenuePhone":"","_VenueURL":"","_VenueStateProvince":"","_VenueLat":"","_VenueLng":"","_VenueShowMap":false,"_VenueShowMapLink":false,"footnotes":""},"class_list":["post-1184","page","type-page","status-publish","hentry"],"_links":{"self":[{"href":"https:\/\/www.artsably.com\/fr\/wp-json\/wp\/v2\/pages\/1184","targetHints":{"allow":["GET"]}}],"collection":[{"href":"https:\/\/www.artsably.com\/fr\/wp-json\/wp\/v2\/pages"}],"about":[{"href":"https:\/\/www.artsably.com\/fr\/wp-json\/wp\/v2\/types\/page"}],"author":[{"embeddable":true,"href":"https:\/\/www.artsably.com\/fr\/wp-json\/wp\/v2\/users\/1"}],"replies":[{"embeddable":true,"href":"https:\/\/www.artsably.com\/fr\/wp-json\/wp\/v2\/comments?post=1184"}],"version-history":[{"count":14,"href":"https:\/\/www.artsably.com\/fr\/wp-json\/wp\/v2\/pages\/1184\/revisions"}],"predecessor-version":[{"id":3763,"href":"https:\/\/www.artsably.com\/fr\/wp-json\/wp\/v2\/pages\/1184\/revisions\/3763"}],"wp:attachment":[{"href":"https:\/\/www.artsably.com\/fr\/wp-json\/wp\/v2\/media?parent=1184"}],"curies":[{"name":"wp","href":"https:\/\/api.w.org\/{rel}","templated":true}]}}