{"id":1272,"date":"2024-05-23T23:04:34","date_gmt":"2024-05-24T03:04:34","guid":{"rendered":"https:\/\/www.artsably.com\/?page_id=1272"},"modified":"2024-05-23T23:23:46","modified_gmt":"2024-05-24T03:23:46","slug":"nous-soutenir","status":"publish","type":"page","link":"https:\/\/www.artsably.com\/fr\/support-us\/","title":{"rendered":"Soutenez-nous"},"content":{"rendered":"<div class=\"wp-block-group has-global-padding is-layout-constrained wp-block-group-is-layout-constrained\">\n<p class=\"has-text-align-center\">Merci pour votre soutien !<\/p>\n\n\n\n<p class=\"has-text-align-center\">Offrez-nous un caf\u00e9 sur Ko-fi<\/p>\n\n\n\n<figure class=\"wp-block-image aligncenter size-full is-resized\"><a href=\"https:\/\/ko-fi.com\/L3L3YGZX1\" target=\"_blank\" rel=\"noreferrer noopener\"><img loading=\"lazy\" decoding=\"async\" width=\"1239\" height=\"405\" src=\"https:\/\/www.artsably.com\/wp-content\/uploads\/2024\/05\/logo_white_stroke.png\" alt=\"Tasse de caf\u00e9 avec un c\u0153ur \u00e0 l&#039;int\u00e9rieur et le mot Ko-fi\" class=\"wp-image-1285\" style=\"width:auto;height:80px\" srcset=\"https:\/\/www.artsably.com\/wp-content\/uploads\/2024\/05\/logo_white_stroke.png 1239w, https:\/\/www.artsably.com\/wp-content\/uploads\/2024\/05\/logo_white_stroke-300x98.png 300w, https:\/\/www.artsably.com\/wp-content\/uploads\/2024\/05\/logo_white_stroke-1024x335.png 1024w, https:\/\/www.artsably.com\/wp-content\/uploads\/2024\/05\/logo_white_stroke-768x251.png 768w, https:\/\/www.artsably.com\/wp-content\/uploads\/2024\/05\/logo_white_stroke-18x6.png 18w\" sizes=\"auto, (max-width: 1239px) 100vw, 1239px\" \/><\/a><\/figure>\n\n\n\n<p class=\"has-text-align-center\">ou<\/p>\n\n\n\n<p class=\"has-text-align-center\">Faire un don via PayPal<\/p>\n\n\n\n<figure class=\"wp-block-image aligncenter size-full is-resized\"><a href=\"https:\/\/www.paypal.com\/donate?hosted_button_id=QXRXK2RUZJ68W\" target=\"_blank\" rel=\"noreferrer noopener\"><img loading=\"lazy\" decoding=\"async\" width=\"593\" height=\"585\" src=\"https:\/\/www.artsably.com\/wp-content\/uploads\/2024\/05\/Paypal_2014_logo.png\" alt=\"Logo de PayPal avec le P superpos\u00e9 dans deux couleurs bleues diff\u00e9rentes.\" class=\"wp-image-1273\" style=\"width:auto;height:100px\" srcset=\"https:\/\/www.artsably.com\/wp-content\/uploads\/2024\/05\/Paypal_2014_logo.png 593w, https:\/\/www.artsably.com\/wp-content\/uploads\/2024\/05\/Paypal_2014_logo-300x296.png 300w, https:\/\/www.artsably.com\/wp-content\/uploads\/2024\/05\/Paypal_2014_logo-12x12.png 12w\" sizes=\"auto, (max-width: 593px) 100vw, 593px\" \/><\/a><\/figure>\n<\/div>\n\n\n\n<div style=\"height:20px\" aria-hidden=\"true\" class=\"wp-block-spacer\"><\/div>","protected":false},"excerpt":{"rendered":"<p>Merci pour votre soutien ! Achetez-nous un caf\u00e9 sur Ko-fi ou faites un don via PayPal<\/p>","protected":false},"author":1,"featured_media":0,"parent":0,"menu_order":0,"comment_status":"closed","ping_status":"closed","template":"","meta":{"_EventAllDay":false,"_EventTimezone":"","_EventStartDate":"","_EventEndDate":"","_EventStartDateUTC":"","_EventEndDateUTC":"","_EventShowMap":false,"_EventShowMapLink":false,"_EventURL":"","_EventCost":"","_EventCostDescription":"","_EventCurrencySymbol":"","_EventCurrencyCode":"","_EventCurrencyPosition":"","_EventDateTimeSeparator":"","_EventTimeRangeSeparator":"","_EventOrganizerID":[],"_EventVenueID":[],"_OrganizerEmail":"","_OrganizerPhone":"","_OrganizerWebsite":"","_VenueAddress":"","_VenueCity":"","_VenueCountry":"","_VenueProvince":"","_VenueState":"","_VenueZip":"","_VenuePhone":"","_VenueURL":"","_VenueStateProvince":"","_VenueLat":"","_VenueLng":"","_VenueShowMap":false,"_VenueShowMapLink":false,"footnotes":""},"class_list":["post-1272","page","type-page","status-publish","hentry"],"_links":{"self":[{"href":"https:\/\/www.artsably.com\/fr\/wp-json\/wp\/v2\/pages\/1272","targetHints":{"allow":["GET"]}}],"collection":[{"href":"https:\/\/www.artsably.com\/fr\/wp-json\/wp\/v2\/pages"}],"about":[{"href":"https:\/\/www.artsably.com\/fr\/wp-json\/wp\/v2\/types\/page"}],"author":[{"embeddable":true,"href":"https:\/\/www.artsably.com\/fr\/wp-json\/wp\/v2\/users\/1"}],"replies":[{"embeddable":true,"href":"https:\/\/www.artsably.com\/fr\/wp-json\/wp\/v2\/comments?post=1272"}],"version-history":[{"count":8,"href":"https:\/\/www.artsably.com\/fr\/wp-json\/wp\/v2\/pages\/1272\/revisions"}],"predecessor-version":[{"id":1288,"href":"https:\/\/www.artsably.com\/fr\/wp-json\/wp\/v2\/pages\/1272\/revisions\/1288"}],"wp:attachment":[{"href":"https:\/\/www.artsably.com\/fr\/wp-json\/wp\/v2\/media?parent=1272"}],"curies":[{"name":"wp","href":"https:\/\/api.w.org\/{rel}","templated":true}]}}