{"id":1408,"date":"2024-06-26T11:42:41","date_gmt":"2024-06-26T15:42:41","guid":{"rendered":"https:\/\/www.artsably.com\/?page_id=1408"},"modified":"2025-02-06T08:46:48","modified_gmt":"2025-02-06T13:46:48","slug":"rick-hansen-foundation-accessibility-certification-professional","status":"publish","type":"page","link":"https:\/\/www.artsably.com\/fr\/rick-hansen-foundation-accessibility-certification-professional\/","title":{"rendered":"Certification professionnelle accessibilit\u00e9 de la Fondation Rick Hansen"},"content":{"rendered":"<div class=\"wp-block-group has-global-padding is-layout-constrained wp-block-group-is-layout-constrained\">\n<figure class=\"wp-block-image size-large\"><img loading=\"lazy\" decoding=\"async\" width=\"1024\" height=\"502\" src=\"https:\/\/www.artsably.com\/wp-content\/uploads\/2024\/06\/RHFAC_Professional_Artsably-1024x502.png\" alt=\"Texte blanc sur fond bleu. Votre b\u00e2timent, notre avenir. Rendez votre propri\u00e9t\u00e9 accessible en utilisant la certification d&#039;accessibilit\u00e9 de la Fondation Rick Hansen. Contactez ArtsAbly pour r\u00e9server votre certification RHFAC.\" class=\"wp-image-1409\" srcset=\"https:\/\/www.artsably.com\/wp-content\/uploads\/2024\/06\/RHFAC_Professional_Artsably-1024x502.png 1024w, https:\/\/www.artsably.com\/wp-content\/uploads\/2024\/06\/RHFAC_Professional_Artsably-300x147.png 300w, https:\/\/www.artsably.com\/wp-content\/uploads\/2024\/06\/RHFAC_Professional_Artsably-768x377.png 768w, https:\/\/www.artsably.com\/wp-content\/uploads\/2024\/06\/RHFAC_Professional_Artsably-1536x753.png 1536w, https:\/\/www.artsably.com\/wp-content\/uploads\/2024\/06\/RHFAC_Professional_Artsably-18x9.png 18w, https:\/\/www.artsably.com\/wp-content\/uploads\/2024\/06\/RHFAC_Professional_Artsably-1320x647.png 1320w, https:\/\/www.artsably.com\/wp-content\/uploads\/2024\/06\/RHFAC_Professional_Artsably.png 2000w\" sizes=\"auto, (max-width: 1024px) 100vw, 1024px\" \/><\/figure>\n\n\n\n<div style=\"height:20px\" aria-hidden=\"true\" class=\"wp-block-spacer\"><\/div>\n<\/div>\n\n\n\n<div class=\"wp-block-group has-global-padding is-layout-constrained wp-block-group-is-layout-constrained\">\n<h2 class=\"wp-block-heading has-large-font-size\">Qu'est-ce que la certification accessibilit\u00e9 de la Fondation Rick Hansen ?<\/h2>\n\n\n\n<p><strong>La certification accessibilit\u00e9 de la Fondation Rick Hansen<sup>TM<\/sup> (RHFAC) <\/strong>\u00e9value et certifie l'environnement pr\u00e9-construit et construit en fonction de son niveau d'accessibilit\u00e9 pour les personnes souffrant d'un handicap visuel, auditif ou moteur. L'obtention d'une note est un excellent moyen de montrer votre engagement en faveur de l'accessibilit\u00e9 et d'attirer davantage de clients et d'employ\u00e9s. Elle favorise un meilleur acc\u00e8s gr\u00e2ce \u00e0 l'adoption des principes de la conception universelle.<\/p>\n\n\n\n<div style=\"height:20px\" aria-hidden=\"true\" class=\"wp-block-spacer\"><\/div>\n\n\n\n<h2 class=\"wp-block-heading has-large-font-size\">Qu'est-ce que cela signifie d'\u00eatre not\u00e9 ?<\/h2>\n\n\n\n<p><strong>1 adulte canadien sur 5 souffre d'un handicap et ce nombre augmente avec le vieillissement de la population.<\/strong><\/p>\n\n\n\n<p>Que vous soyez propri\u00e9taire, gestionnaire de b\u00e2timents ou d'installations, architecte ou ing\u00e9nieur, RHFAC vous donnera un aper\u00e7u r\u00e9el du niveau d'acc\u00e8s actuel de votre b\u00e2timent, vous aidant \u00e0 d\u00e9couvrir o\u00f9 et comment l'am\u00e9liorer.<\/p>\n\n\n\n<p><strong>RHFAC est le premier programme de ce type \u00e0 :<\/strong><\/p>\n\n\n\n<ul class=\"wp-block-list\">\n<li><strong>Mesurer le niveau d'acc\u00e8s significatif d'un site, <\/strong>bas\u00e9 sur l'exp\u00e9rience holistique des personnes vivant avec divers handicaps affectant la mobilit\u00e9, la vision et l'ou\u00efe<\/li>\n\n\n\n<li><strong>Qualifier des professionnels comp\u00e9tents pour effectuer les \u00e9valuations RHFAC<\/strong> par le biais du titre professionnel RHFAC<\/li>\n\n\n\n<li>Reconna\u00eetre l'engagement d'une organisation en faveur de l'accessibilit\u00e9 en certifiant ses sites en tant que <strong>Certifi\u00e9 RHF pour l'accessibilit\u00e9 <\/strong>ou <strong>Certifi\u00e9 Or RHF pour l'accessibilit\u00e9<\/strong>.<\/li>\n<\/ul>\n\n\n\n<p>L'obtention de la note positionnera votre organisation en tant que leader dans la construction d'un Canada durable et accessible \u00e0 tous.<\/p>\n\n\n\n<div style=\"height:20px\" aria-hidden=\"true\" class=\"wp-block-spacer\"><\/div>\n\n\n\n<h2 class=\"wp-block-heading has-large-font-size\">Certification RHFAC pour la pr\u00e9-construction<\/h2>\n\n\n\n<p>Le RHFAC assiste les architectes, les concepteurs, les promoteurs et les ma\u00eetres d'ouvrage dans les processus de conception, de planification et de construction afin que l'accessibilit\u00e9 soit int\u00e9gr\u00e9e d\u00e8s le d\u00e9part.<\/p>\n\n\n\n<p><strong>Pourquoi faire \u00e9valuer vos projets de construction \u00e0 l'aide du RHFAC ?<\/strong><\/p>\n\n\n\n<ul class=\"wp-block-list\">\n<li>L'am\u00e9lioration de l'acc\u00e8s pour les nouveaux b\u00e2timents revient \u00e0 un <strong>co\u00fbt minime :<\/strong> 1%. L'augmentation moyenne du co\u00fbt de construction pour obtenir la certification RHFAC Gold par rapport au code de construction national ou de l'Ontario.<\/li>\n\n\n\n<li><strong>Moins de r\u00e9novations co\u00fbteuses <\/strong>les codes rattrapent le temps perdu <strong>La certification d'accessibilit\u00e9 RHF peut \u00eatre une<\/strong> <strong>diff\u00e9rentiateur pour la commercialisation d'un b\u00e2timent<\/strong> <strong>Pr\u00e9sentation de vos projets certifi\u00e9s RHF Accessibilit\u00e9 <\/strong>vous aidera \u00e0 \u00eatre reconnu comme un leader en mati\u00e8re de diversit\u00e9 et d'inclusion.<\/li>\n<\/ul>\n\n\n\n<p>La certification avant construction ne s'applique qu'aux plans de conception. Apr\u00e8s la construction de votre site, vous pouvez choisir de faire \u00e9valuer le b\u00e2timent achev\u00e9 par le RHFAC afin de conserver votre certification.<\/p>\n\n\n\n<div style=\"height:20px\" aria-hidden=\"true\" class=\"wp-block-spacer\"><\/div>\n\n\n\n<h2 class=\"wp-block-heading has-large-font-size\">Certification RHFAC pour l'environnement b\u00e2ti<\/h2>\n\n\n\n<p>Nous offrons une gamme de services consultatifs en mati\u00e8re d'accessibilit\u00e9 con\u00e7us pour aider les organisations \u00e0 am\u00e9liorer l'accessibilit\u00e9 et l'inclusion des personnes de toutes capacit\u00e9s. Que vous cherchiez \u00e0 sensibiliser votre organisation au handicap, \u00e0 am\u00e9liorer l'acc\u00e8s \u00e0 vos installations actuelles ou \u00e0 faire en sorte que les nouveaux b\u00e2timents soient con\u00e7us conform\u00e9ment aux meilleures pratiques en mati\u00e8re de conception universelle, nos services consultatifs en mati\u00e8re d'accessibilit\u00e9 vous aideront.<\/p>\n\n\n\n<ul class=\"wp-block-list\">\n<li><strong>\u00c9valuation de l'accessibilit\u00e9 des installations<\/strong>: \u00c9valuation de votre installation afin de d\u00e9terminer son niveau actuel d'accessibilit\u00e9 et de fournir des recommandations pour l'am\u00e9liorer. L'\u00e9valuation est r\u00e9alis\u00e9e \u00e0 l'aide de visites sur place, d'examens de plans et d'autres documents de planification, et peut \u00e9galement inclure des discussions avec les responsables du site.<\/li>\n\n\n\n<li><strong>Aider votre site \u00e0 atteindre son objectif de certification :<\/strong> Que vous obteniez ou non la certification, votre \u00e9valuation RHFAC vous fournira des informations utiles sur les domaines \u00e0 am\u00e9liorer. Les sites certifi\u00e9s peuvent c\u00e9l\u00e9brer en annoncement publiquement leur certification sur le registre RHFAC.<\/li>\n<\/ul>\n\n\n\n<p>Les codes de construction existants varient consid\u00e9rablement d'une municipalit\u00e9 \u00e0 l'autre et d'une province \u00e0 l'autre, et si de nombreux sites pr\u00e9sentent des caract\u00e9ristiques d'accessibilit\u00e9, celles-ci sont souvent ax\u00e9es sur la mobilit\u00e9 et peuvent ne pas r\u00e9pondre aux besoins r\u00e9els des personnes souffrant de divers handicaps. Le RHFAC compl\u00e8te les codes de construction existants en utilisant une \u00e9chelle de notation universelle qui \u00e9value les niveaux d'acc\u00e8s significatifs \u00e0 l'\u00e9chelle nationale.<\/p>\n\n\n\n<p><a href=\"https:\/\/www.rickhansen.com\/become-accessible\" target=\"_blank\" rel=\"noreferrer noopener\">En savoir plus sur la certification RHFAC et la Fondation Rick Hansen<\/a><\/p>\n\n\n\n<div style=\"height:20px\" aria-hidden=\"true\" class=\"wp-block-spacer\"><\/div>\n\n\n\n<h2 class=\"wp-block-heading has-large-font-size\">Comment ArtsAbly peut-il vous aider ?<\/h2>\n\n\n\n<p>La premi\u00e8re \u00e9tape consiste \u00e0 envoyer une demande \u00e0 notre \u00e9quipe de professionnels de l'accessibilit\u00e9 et de la conception universelle. Votre devis sera personnalis\u00e9 en fonction de l'ampleur du ou des projets et des types de services de conseil en accessibilit\u00e9 dont votre \u00e9quipe a besoin.<\/p>\n\n\n\n<p>Nous pouvons noter tous les types de sites, par construction et construits. Nous travaillons avec tous les domaines mais nous sommes sp\u00e9cialis\u00e9s dans les lieux et sites artistiques accueillant des performances, des spectacles, des expositions et des conf\u00e9rences. <\/p>\n\n\n\n<p>Exemples de services que nous proposons :<\/p>\n\n\n\n<ul class=\"wp-block-list\">\n<li><strong>Guides d'accessibilit\u00e9 : <\/strong>pour votre conf\u00e9rence ou votre \u00e9v\u00e9nement public, fournir \u00e0 votre public un document contenant des informations utiles sur l'accessibilit\u00e9 peut \u00e9galement profiter \u00e0 d'autres invit\u00e9s.<\/li>\n\n\n\n<li><strong>Services de conseil : <\/strong>Vous ne savez pas par o\u00f9 commencer ? Vous avez besoin de parler d'un projet sp\u00e9cifique ? Vous avez besoin d'un devis ou de plus de d\u00e9tails sur un service pour un site ou un \u00e9v\u00e9nement ? Contactez nous.<\/li>\n\n\n\n<li><strong>Services de notation RHFAC :<\/strong> Faites \u00e9valuer votre site et obtenez un aper\u00e7u du niveau d'acc\u00e8s actuel de votre b\u00e2timent. Nous travaillerons ensemble pour savoir o\u00f9 et comment am\u00e9liorer les choses.<\/li>\n<\/ul>\n\n\n\n<div style=\"height:20px\" aria-hidden=\"true\" class=\"wp-block-spacer\"><\/div>\n\n\n\n<h2 class=\"wp-block-heading has-large-font-size\">Formulaire de demande d'\u00e9valuation et de service<\/h2>\n\n\n\n<p>Parlez-nous de votre projet. Nos services sont disponibles en fran\u00e7ais et en anglais. Remplissez le formulaire ci-dessous et nous prendrons contact avec vous. <\/p>\n\n\n\n<div class=\"wpcf7 no-js\" id=\"wpcf7-f1419-o1\" lang=\"en-US\" dir=\"ltr\" data-wpcf7-id=\"1419\">\n<div class=\"screen-reader-response\"><p role=\"status\" aria-live=\"polite\" aria-atomic=\"true\"><\/p> <ul><\/ul><\/div>\n<form action=\"\/fr\/wp-json\/wp\/v2\/pages\/1408#wpcf7-f1419-o1\" method=\"post\" class=\"wpcf7-form init\" aria-label=\"Formulaire de contact\" novalidate=\"novalidate\" data-status=\"init\" data-trp-original-action=\"\/fr\/wp-json\/wp\/v2\/pages\/1408#wpcf7-f1419-o1\">\n<fieldset class=\"hidden-fields-container\"><input type=\"hidden\" name=\"_wpcf7\" value=\"1419\" \/><input type=\"hidden\" name=\"_wpcf7_version\" value=\"6.1.5\" \/><input type=\"hidden\" name=\"_wpcf7_locale\" value=\"en_US\" \/><input type=\"hidden\" name=\"_wpcf7_unit_tag\" value=\"wpcf7-f1419-o1\" \/><input type=\"hidden\" name=\"_wpcf7_container_post\" value=\"0\" \/><input type=\"hidden\" name=\"_wpcf7_posted_data_hash\" value=\"\" \/><input type=\"hidden\" name=\"_uacf7_hidden_conditional_fields\" value=\"\" \/>\n<\/fieldset>\n<div class=\"uacf7-form-wrapper-container uacf7-form-1419\"><label> Pr\u00e9nom <\/label>\n    <span class=\"wpcf7-form-control-wrap\" data-name=\"first-name\"><input size=\"40\" maxlength=\"400\" class=\"wpcf7-form-control wpcf7-text wpcf7-validates-as-required\" autocomplete=\"name\" aria-required=\"true\" aria-invalid=\"false\" value=\"\" type=\"text\" name=\"first-name\" \/><\/span> \n\n<p><\/p>\n\n<label> Nom de famille <\/label>\n    <span class=\"wpcf7-form-control-wrap\" data-name=\"last-name\"><input size=\"40\" maxlength=\"400\" class=\"wpcf7-form-control wpcf7-text wpcf7-validates-as-required\" autocomplete=\"name\" aria-required=\"true\" aria-invalid=\"false\" value=\"\" type=\"text\" name=\"last-name\" \/><\/span> \n\n<p><\/p>\n\n<label> Courriel <\/label>\n    <span class=\"wpcf7-form-control-wrap\" data-name=\"your-email\"><input size=\"40\" maxlength=\"400\" class=\"wpcf7-form-control wpcf7-email wpcf7-validates-as-required wpcf7-text wpcf7-validates-as-email\" autocomplete=\"email\" aria-required=\"true\" aria-invalid=\"false\" value=\"\" type=\"email\" name=\"your-email\" \/><\/span>\n\n<p><\/p>\n\n<label> T\u00e9l\u00e9phone <\/label>\n    <span class=\"wpcf7-form-control-wrap\" data-name=\"phone\"><input size=\"40\" maxlength=\"400\" class=\"wpcf7-form-control wpcf7-tel wpcf7-validates-as-required wpcf7-text wpcf7-validates-as-tel\" aria-required=\"true\" aria-invalid=\"false\" value=\"\" type=\"tel\" name=\"phone\" \/><\/span>\n\n<p><\/p>\n\n<label> Organisation <\/label>\n    <span class=\"wpcf7-form-control-wrap\" data-name=\"your-organization\"><input size=\"40\" maxlength=\"400\" class=\"wpcf7-form-control wpcf7-text wpcf7-validates-as-required\" aria-required=\"true\" aria-invalid=\"false\" value=\"\" type=\"text\" name=\"your-organization\" \/><\/span>\n\n<p><\/p>\n\n<label> Titre du poste <\/label>\n    <span class=\"wpcf7-form-control-wrap\" data-name=\"job-title\"><input size=\"40\" maxlength=\"400\" class=\"wpcf7-form-control wpcf7-text wpcf7-validates-as-required\" aria-required=\"true\" aria-invalid=\"false\" value=\"\" type=\"text\" name=\"job-title\" \/><\/span>\n\n<p><\/p>\n\n<label> Nombre de sites \u00e0 \u00e9valuer <\/label>\n    <span class=\"wpcf7-form-control-wrap\" data-name=\"number-site\"><input class=\"wpcf7-form-control wpcf7-number wpcf7-validates-as-required wpcf7-validates-as-number\" aria-required=\"true\" aria-invalid=\"false\" value=\"\" type=\"number\" name=\"number-site\" \/><\/span>\n\n<p><\/p>\n\n<label> Nom(s) de site(s) (si connu) <\/label>\n    <span class=\"wpcf7-form-control-wrap\" data-name=\"your-sites\"><textarea cols=\"40\" rows=\"10\" maxlength=\"2000\" class=\"wpcf7-form-control wpcf7-textarea\" aria-invalid=\"false\" name=\"your-sites\"><\/textarea><\/span>\n\n<p><\/p>\n\n<label> Ville <\/label>\n    <span class=\"wpcf7-form-control-wrap\" data-name=\"city\"><input size=\"40\" maxlength=\"400\" class=\"wpcf7-form-control wpcf7-text wpcf7-validates-as-required\" aria-required=\"true\" aria-invalid=\"false\" value=\"\" type=\"text\" name=\"city\" \/><\/span>\n\n<p><\/p>\n\n<label> Province <\/label>\n<span class=\"wpcf7-form-control-wrap\" data-name=\"province\"><select class=\"wpcf7-form-control wpcf7-select wpcf7-validates-as-required\" aria-required=\"true\" aria-invalid=\"false\" name=\"province\"><option value=\"\">-Veuillez choisir une option-<\/option><option value=\"Alberta\">Alberta<\/option><option value=\"British Columbia\">Colombie-Britannique<\/option><option value=\"Manitoba\">Manitoba<\/option><option value=\"New Brunswick\">Nouveau-Brunswick<\/option><option value=\"Newfoundland and Labrador\">Terre-Neuve et Labrador<\/option><option value=\"Northwest Territories\">Territoires du Nord-Ouest<\/option><option value=\"Nova Scotia\">Nouvelle-\u00c9cosse<\/option><option value=\"Nunavut\">Nunavut<\/option><option value=\"Ontario\">Ontario<\/option><option value=\"Prince Edward Island\">\u00cele-du-Prince-\u00c9douard<\/option><option value=\"Quebec\">Qu\u00e9bec<\/option><option value=\"Saskatchewan\">Saskatchewan<\/option><option value=\"Yukon\">Yukon<\/option><option value=\"Outside Canada\">A l'ext\u00e9rieur du Canada<\/option><\/select><\/span>\n\n<p><\/p>\n\n<label> Si \u00e0 l'ext\u00e9rieur du Canada, pr\u00e9cisez o\u00f9 : <\/label>\n    <span class=\"wpcf7-form-control-wrap\" data-name=\"outside-canada\"><input size=\"40\" maxlength=\"400\" class=\"wpcf7-form-control wpcf7-text\" aria-invalid=\"false\" value=\"\" type=\"text\" name=\"outside-canada\" \/><\/span>\n\n<p><\/p>\n\n<div id=\"cf7sr-69e3e144099a7\" class=\"cf7sr-g-recaptcha\" data-theme=\"light\" data-type=\"image\" data-size=\"normal\" data-sitekey=\"6LfvYu8oAAAAAKN8-hRi6jOjZ1iI_TfoEGSUF2dw\"><\/div><span class=\"wpcf7-form-control-wrap cf7sr-recaptcha\" data-name=\"cf7sr-recaptcha\"><input type=\"hidden\" name=\"cf7sr-recaptcha\" value=\"\" class=\"wpcf7-form-control\"><\/span>\n\n<p><\/p>\n\n<label> Cette question permet de v\u00e9rifier si vous \u00eates un visiteur humain et d'\u00e9viter les soumissions automatis\u00e9es de spam. <\/label>\n\n<p><\/p>\n\n<input class=\"wpcf7-form-control wpcf7-submit has-spinner\" type=\"submit\" value=\"Envoyer\" \/><\/div><div class=\"wpcf7-response-output\" aria-hidden=\"true\"><\/div>\n<input type=\"hidden\" name=\"trp-form-language\" value=\"fr\"\/><\/form>\n<\/div>\n\n\n\n\n<div style=\"height:20px\" aria-hidden=\"true\" class=\"wp-block-spacer\"><\/div>\n<\/div>","protected":false},"excerpt":{"rendered":"<p>What is the Rick Hansen Foundation Accessibility Certification? Rick Hansen Foundation Accessibility CertificationTM (RHFAC) rates and certifies the pre-constructed and built environment on its level of meaningful access for persons [&hellip;]<\/p>\n","protected":false},"author":1,"featured_media":0,"parent":0,"menu_order":0,"comment_status":"closed","ping_status":"closed","template":"","meta":{"_EventAllDay":false,"_EventTimezone":"","_EventStartDate":"","_EventEndDate":"","_EventStartDateUTC":"","_EventEndDateUTC":"","_EventShowMap":false,"_EventShowMapLink":false,"_EventURL":"","_EventCost":"","_EventCostDescription":"","_EventCurrencySymbol":"","_EventCurrencyCode":"","_EventCurrencyPosition":"","_EventDateTimeSeparator":"","_EventTimeRangeSeparator":"","_EventOrganizerID":[],"_EventVenueID":[],"_OrganizerEmail":"","_OrganizerPhone":"","_OrganizerWebsite":"","_VenueAddress":"","_VenueCity":"","_VenueCountry":"","_VenueProvince":"","_VenueState":"","_VenueZip":"","_VenuePhone":"","_VenueURL":"","_VenueStateProvince":"","_VenueLat":"","_VenueLng":"","_VenueShowMap":false,"_VenueShowMapLink":false,"footnotes":""},"class_list":["post-1408","page","type-page","status-publish","hentry"],"_links":{"self":[{"href":"https:\/\/www.artsably.com\/fr\/wp-json\/wp\/v2\/pages\/1408","targetHints":{"allow":["GET"]}}],"collection":[{"href":"https:\/\/www.artsably.com\/fr\/wp-json\/wp\/v2\/pages"}],"about":[{"href":"https:\/\/www.artsably.com\/fr\/wp-json\/wp\/v2\/types\/page"}],"author":[{"embeddable":true,"href":"https:\/\/www.artsably.com\/fr\/wp-json\/wp\/v2\/users\/1"}],"replies":[{"embeddable":true,"href":"https:\/\/www.artsably.com\/fr\/wp-json\/wp\/v2\/comments?post=1408"}],"version-history":[{"count":12,"href":"https:\/\/www.artsably.com\/fr\/wp-json\/wp\/v2\/pages\/1408\/revisions"}],"predecessor-version":[{"id":2172,"href":"https:\/\/www.artsably.com\/fr\/wp-json\/wp\/v2\/pages\/1408\/revisions\/2172"}],"wp:attachment":[{"href":"https:\/\/www.artsably.com\/fr\/wp-json\/wp\/v2\/media?parent=1408"}],"curies":[{"name":"wp","href":"https:\/\/api.w.org\/{rel}","templated":true}]}}