{"id":347,"date":"2024-02-09T13:21:33","date_gmt":"2024-02-09T18:21:33","guid":{"rendered":"https:\/\/www.artsably.com\/?page_id=347"},"modified":"2024-02-21T01:48:15","modified_gmt":"2024-02-21T06:48:15","slug":"ressources","status":"publish","type":"page","link":"https:\/\/www.artsably.com\/fr\/resources\/","title":{"rendered":"Ressources"},"content":{"rendered":"<div class=\"wp-block-group has-global-padding is-layout-constrained wp-block-group-is-layout-constrained\">\n<p>Le meilleur moyen de conna\u00eetre l'exp\u00e9rience des autres est de lire leur histoire. De nombreuses ressources sont disponibles en ligne. <\/p>\n\n\n\n<div style=\"height:20px\" aria-hidden=\"true\" class=\"wp-block-spacer\"><\/div>\n<\/div>\n\n\n\n<hr class=\"wp-block-separator has-alpha-channel-opacity is-style-wide\"\/>\n\n\n\n<div class=\"wp-block-group alignwide has-global-padding is-layout-constrained wp-block-group-is-layout-constrained\">\n<h2 class=\"wp-block-heading has-text-align-center\">Livres<\/h2>\n\n\n\n<p>Dans cette section, vous trouverez des liens vers des versions num\u00e9riques accessibles et des versions papier de livres. Kindle offre des applications et des outils de lecture qui fonctionnent avec les technologies d'assistance et propose des param\u00e8tres pour tous les utilisateurs. La version num\u00e9rique est g\u00e9n\u00e9ralement moins ch\u00e8re que la version papier.<\/p>\n\n\n\n<p>Voici quelques recommandations de livres qui peuvent vous aider \u00e0 acqu\u00e9rir de nouvelles connaissances sur le handicap et l'accessibilit\u00e9 dans les arts. Si vous pensez \u00e0 d'autres produits que vous aimeriez voir figurer dans ces pages, n'h\u00e9sitez pas \u00e0 nous contacter. <\/p>\n\n\n\n<p>Nous ne vendons pas ces livres directement. Pour chaque livre, vous trouverez des produits affili\u00e9s \u00e0 Amazon et des liens WorldCat pour les universit\u00e9s et les biblioth\u00e8ques.<\/p>\n\n\n\n<div class=\"wp-block-query alignwide is-layout-flow wp-block-query-is-layout-flow\"><ul class=\"columns-3 wp-block-post-template is-layout-grid wp-container-core-post-template-is-layout-6d3fbd8f wp-block-post-template-is-layout-grid\"><li class=\"wp-block-post post-304 post type-post status-publish format-standard has-post-thumbnail hentry category-affiliate-digital\">\n\n<div class=\"wp-block-group is-layout-flow wp-block-group-is-layout-flow\" style=\"padding-top:30px;padding-right:30px;padding-bottom:30px;padding-left:30px\"><figure style=\"padding-top:var(--wp--preset--spacing--20);padding-bottom:var(--wp--preset--spacing--20);padding-left:var(--wp--preset--spacing--20);padding-right:var(--wp--preset--spacing--20);\" class=\"aligncenter wp-block-post-featured-image\"><a href=\"https:\/\/www.artsably.com\/fr\/disability-and-performance\/\" target=\"_self\"  ><img loading=\"lazy\" decoding=\"async\" width=\"638\" height=\"638\" src=\"https:\/\/www.artsably.com\/wp-content\/uploads\/2024\/02\/ballerinas.png\" class=\"attachment-post-thumbnail size-post-thumbnail wp-post-image\" alt=\"Handicap et interpr\u00e9tation\" style=\"object-fit:cover;\" srcset=\"https:\/\/www.artsably.com\/wp-content\/uploads\/2024\/02\/ballerinas.png 638w, https:\/\/www.artsably.com\/wp-content\/uploads\/2024\/02\/ballerinas-300x300.png 300w, https:\/\/www.artsably.com\/wp-content\/uploads\/2024\/02\/ballerinas-150x150.png 150w, https:\/\/www.artsably.com\/wp-content\/uploads\/2024\/02\/ballerinas-12x12.png 12w\" sizes=\"auto, (max-width: 638px) 100vw, 638px\" \/><\/a><\/figure>\n\n<h3 class=\"wp-block-post-title\"><a href=\"https:\/\/www.artsably.com\/fr\/disability-and-performance\/\" target=\"_self\" >Handicap et interpr\u00e9tation<\/a><\/h3>\n\n<div class=\"wp-block-post-excerpt\"><p class=\"wp-block-post-excerpt__excerpt\">D\u00e9couvrez des livres sur la fa\u00e7on dont les artistes-interpr\u00e8tes handicap\u00e9s se per\u00e7oivent et partagent les espaces de repr\u00e9sentation. Vous trouverez des r\u00e9cits et des t\u00e9moignages sur la musique, la danse, le th\u00e9\u00e2tre et l'art dramatique, ainsi que sur des domaines pluridisciplinaires.<\/p><p class=\"wp-block-post-excerpt__more-text\"><a class=\"wp-block-post-excerpt__more-link\" href=\"https:\/\/www.artsably.com\/fr\/disability-and-performance\/\">Voir la liste des livres<\/a><\/p><\/div><\/div>\n\n<\/li><li class=\"wp-block-post post-323 post type-post status-publish format-standard has-post-thumbnail hentry category-affiliate-digital\">\n\n<div class=\"wp-block-group is-layout-flow wp-block-group-is-layout-flow\" style=\"padding-top:30px;padding-right:30px;padding-bottom:30px;padding-left:30px\"><figure style=\"padding-top:var(--wp--preset--spacing--20);padding-bottom:var(--wp--preset--spacing--20);padding-left:var(--wp--preset--spacing--20);padding-right:var(--wp--preset--spacing--20);\" class=\"aligncenter wp-block-post-featured-image\"><a href=\"https:\/\/www.artsably.com\/fr\/critical-disability-studies-disability-representation-in-the-arts\/\" target=\"_self\"  ><img loading=\"lazy\" decoding=\"async\" width=\"901\" height=\"901\" src=\"https:\/\/www.artsably.com\/wp-content\/uploads\/2024\/02\/accessibility-logos.png\" class=\"attachment-post-thumbnail size-post-thumbnail wp-post-image\" alt=\"\u00c9tudes critiques du handicap et repr\u00e9sentation du handicap dans les arts\" style=\"object-fit:cover;\" srcset=\"https:\/\/www.artsably.com\/wp-content\/uploads\/2024\/02\/accessibility-logos.png 901w, https:\/\/www.artsably.com\/wp-content\/uploads\/2024\/02\/accessibility-logos-300x300.png 300w, https:\/\/www.artsably.com\/wp-content\/uploads\/2024\/02\/accessibility-logos-150x150.png 150w, https:\/\/www.artsably.com\/wp-content\/uploads\/2024\/02\/accessibility-logos-768x768.png 768w, https:\/\/www.artsably.com\/wp-content\/uploads\/2024\/02\/accessibility-logos-12x12.png 12w\" sizes=\"auto, (max-width: 901px) 100vw, 901px\" \/><\/a><\/figure>\n\n<h3 class=\"wp-block-post-title\"><a href=\"https:\/\/www.artsably.com\/fr\/critical-disability-studies-disability-representation-in-the-arts\/\" target=\"_self\" >\u00c9tudes critiques du handicap et repr\u00e9sentation du handicap dans les arts<\/a><\/h3>\n\n<div class=\"wp-block-post-excerpt\"><p class=\"wp-block-post-excerpt__excerpt\">Les universitaires et les grands esprits nous aident \u00e0 fa\u00e7onner nos id\u00e9es et notre analyse des situations concernant le handicap dans les arts. De grands esprits ont collabor\u00e9 \u00e0 la r\u00e9daction d'ouvrages destin\u00e9s \u00e0 nous aider \u00e0 comprendre les principes des \u00e9tudes critiques sur le handicap. Ce domaine est relativement nouveau et \u00e9volue r\u00e9guli\u00e8rement, offrant des opportunit\u00e9s de r\u00e9fl\u00e9chir \u00e0 l'orientation de notre cr\u00e9ativit\u00e9 et \u00e0 la place des artistes handicap\u00e9s dans notre soci\u00e9t\u00e9.<\/p><p class=\"wp-block-post-excerpt__more-text\"><a class=\"wp-block-post-excerpt__more-link\" href=\"https:\/\/www.artsably.com\/fr\/critical-disability-studies-disability-representation-in-the-arts\/\">Voir la liste des livres<\/a><\/p><\/div><\/div>\n\n<\/li><li class=\"wp-block-post post-327 post type-post status-publish format-standard has-post-thumbnail hentry category-affiliate-digital\">\n\n<div class=\"wp-block-group is-layout-flow wp-block-group-is-layout-flow\" style=\"padding-top:30px;padding-right:30px;padding-bottom:30px;padding-left:30px\"><figure style=\"padding-top:var(--wp--preset--spacing--20);padding-bottom:var(--wp--preset--spacing--20);padding-left:var(--wp--preset--spacing--20);padding-right:var(--wp--preset--spacing--20);\" class=\"aligncenter wp-block-post-featured-image\"><a href=\"https:\/\/www.artsably.com\/fr\/disability-and-arts-education\/\" target=\"_self\"  ><img loading=\"lazy\" decoding=\"async\" width=\"1170\" height=\"1170\" src=\"https:\/\/www.artsably.com\/wp-content\/uploads\/2024\/02\/colleagues.png\" class=\"attachment-post-thumbnail size-post-thumbnail wp-post-image\" alt=\"Handicap et \u00e9ducation artistique\" style=\"object-fit:cover;\" srcset=\"https:\/\/www.artsably.com\/wp-content\/uploads\/2024\/02\/colleagues.png 1170w, https:\/\/www.artsably.com\/wp-content\/uploads\/2024\/02\/colleagues-300x300.png 300w, https:\/\/www.artsably.com\/wp-content\/uploads\/2024\/02\/colleagues-1024x1024.png 1024w, https:\/\/www.artsably.com\/wp-content\/uploads\/2024\/02\/colleagues-150x150.png 150w, https:\/\/www.artsably.com\/wp-content\/uploads\/2024\/02\/colleagues-768x768.png 768w, https:\/\/www.artsably.com\/wp-content\/uploads\/2024\/02\/colleagues-12x12.png 12w\" sizes=\"auto, (max-width: 1170px) 100vw, 1170px\" \/><\/a><\/figure>\n\n<h3 class=\"wp-block-post-title\"><a href=\"https:\/\/www.artsably.com\/fr\/disability-and-arts-education\/\" target=\"_self\" >Handicap et \u00e9ducation artistique<\/a><\/h3>\n\n<div class=\"wp-block-post-excerpt\"><p class=\"wp-block-post-excerpt__excerpt\">Comment \u00e9duquer les \u00e9l\u00e8ves handicap\u00e9s dans le domaine des arts ? Comment les jeunes artistes apprennent-ils ce qu'est le handicap ? Comment l'\u00e9ducation artistique a-t-elle \u00e9volu\u00e9 ? Autant de questions auxquelles ces auteurs r\u00e9pondent. Ils vous donneront de l'inspiration pour vos propres projets.<\/p><p class=\"wp-block-post-excerpt__more-text\"><a class=\"wp-block-post-excerpt__more-link\" href=\"https:\/\/www.artsably.com\/fr\/disability-and-arts-education\/\">Voir la liste des livres<\/a><\/p><\/div><\/div>\n\n<\/li><\/ul><\/div>\n<\/div>\n\n\n\n<hr class=\"wp-block-separator has-alpha-channel-opacity is-style-wide\"\/>\n\n\n\n<div class=\"wp-block-group alignwide has-global-padding is-layout-constrained wp-block-group-is-layout-constrained\">\n<h2 class=\"wp-block-heading has-text-align-center\">Films<\/h2>\n\n\n\n<p>Les films et les documentaires montrent \u00e0 quel point la repr\u00e9sentation des personnes handicap\u00e9es a \u00e9volu\u00e9 au fil du temps dans notre soci\u00e9t\u00e9. Les arts ont toujours offert un espace propice \u00e0 ces repr\u00e9sentations. Cette liste n'est pas exhaustive. N'h\u00e9sitez pas \u00e0 nous faire part de toute r\u00e9f\u00e9rence manquante qui, selon vous, devrait \u00eatre ajout\u00e9e.<\/p>\n\n\n\n<div class=\"wp-block-query alignwide is-layout-flow wp-block-query-is-layout-flow\"><ul class=\"columns-3 wp-block-post-template is-layout-grid wp-container-core-post-template-is-layout-6d3fbd8f wp-block-post-template-is-layout-grid\"><li class=\"wp-block-post post-681 post type-post status-publish format-standard has-post-thumbnail hentry category-movies\">\n\n<div class=\"wp-block-group is-layout-flow wp-block-group-is-layout-flow\" style=\"padding-top:30px;padding-right:30px;padding-bottom:30px;padding-left:30px\"><figure style=\"padding-top:var(--wp--preset--spacing--20);padding-bottom:var(--wp--preset--spacing--20);padding-left:var(--wp--preset--spacing--20);padding-right:var(--wp--preset--spacing--20);\" class=\"aligncenter wp-block-post-featured-image\"><a href=\"https:\/\/www.artsably.com\/fr\/multidisciplinary\/\" target=\"_self\"  ><img loading=\"lazy\" decoding=\"async\" width=\"2560\" height=\"2560\" src=\"https:\/\/www.artsably.com\/wp-content\/uploads\/2024\/02\/actors-red-curtain-scaled.jpg\" class=\"attachment-post-thumbnail size-post-thumbnail wp-post-image\" alt=\"Multidisciplinaire\" style=\"object-fit:cover;\" srcset=\"https:\/\/www.artsably.com\/wp-content\/uploads\/2024\/02\/actors-red-curtain-scaled.jpg 2560w, https:\/\/www.artsably.com\/wp-content\/uploads\/2024\/02\/actors-red-curtain-300x300.jpg 300w, https:\/\/www.artsably.com\/wp-content\/uploads\/2024\/02\/actors-red-curtain-1024x1024.jpg 1024w, https:\/\/www.artsably.com\/wp-content\/uploads\/2024\/02\/actors-red-curtain-150x150.jpg 150w, https:\/\/www.artsably.com\/wp-content\/uploads\/2024\/02\/actors-red-curtain-768x768.jpg 768w, https:\/\/www.artsably.com\/wp-content\/uploads\/2024\/02\/actors-red-curtain-1536x1536.jpg 1536w, https:\/\/www.artsably.com\/wp-content\/uploads\/2024\/02\/actors-red-curtain-2048x2048.jpg 2048w, https:\/\/www.artsably.com\/wp-content\/uploads\/2024\/02\/actors-red-curtain-12x12.jpg 12w, https:\/\/www.artsably.com\/wp-content\/uploads\/2024\/02\/actors-red-curtain-1320x1320.jpg 1320w\" sizes=\"auto, (max-width: 2560px) 100vw, 2560px\" \/><\/a><\/figure>\n\n<h3 class=\"wp-block-post-title\"><a href=\"https:\/\/www.artsably.com\/fr\/multidisciplinary\/\" target=\"_self\" >Multidisciplinaire<\/a><\/h3>\n\n<div class=\"wp-block-post-excerpt\"><p class=\"wp-block-post-excerpt__excerpt\">Films racontant la vie et l'exp\u00e9rience d'artistes handicap\u00e9s dans diff\u00e9rents domaines.<\/p><p class=\"wp-block-post-excerpt__more-text\"><a class=\"wp-block-post-excerpt__more-link\" href=\"https:\/\/www.artsably.com\/fr\/multidisciplinary\/\">Voir la liste des films<\/a><\/p><\/div><\/div>\n\n<\/li><li class=\"wp-block-post post-672 post type-post status-publish format-standard has-post-thumbnail hentry category-movies\">\n\n<div class=\"wp-block-group is-layout-flow wp-block-group-is-layout-flow\" style=\"padding-top:30px;padding-right:30px;padding-bottom:30px;padding-left:30px\"><figure style=\"padding-top:var(--wp--preset--spacing--20);padding-bottom:var(--wp--preset--spacing--20);padding-left:var(--wp--preset--spacing--20);padding-right:var(--wp--preset--spacing--20);\" class=\"aligncenter wp-block-post-featured-image\"><a href=\"https:\/\/www.artsably.com\/fr\/dance-acting\/\" target=\"_self\"  ><img loading=\"lazy\" decoding=\"async\" width=\"2560\" height=\"2560\" src=\"https:\/\/www.artsably.com\/wp-content\/uploads\/2024\/02\/movements-scaled.jpg\" class=\"attachment-post-thumbnail size-post-thumbnail wp-post-image\" alt=\"Danse et th\u00e9\u00e2tre\" style=\"object-fit:cover;\" srcset=\"https:\/\/www.artsably.com\/wp-content\/uploads\/2024\/02\/movements-scaled.jpg 2560w, https:\/\/www.artsably.com\/wp-content\/uploads\/2024\/02\/movements-300x300.jpg 300w, https:\/\/www.artsably.com\/wp-content\/uploads\/2024\/02\/movements-1024x1024.jpg 1024w, https:\/\/www.artsably.com\/wp-content\/uploads\/2024\/02\/movements-150x150.jpg 150w, https:\/\/www.artsably.com\/wp-content\/uploads\/2024\/02\/movements-768x768.jpg 768w, https:\/\/www.artsably.com\/wp-content\/uploads\/2024\/02\/movements-1536x1536.jpg 1536w, https:\/\/www.artsably.com\/wp-content\/uploads\/2024\/02\/movements-2048x2048.jpg 2048w, https:\/\/www.artsably.com\/wp-content\/uploads\/2024\/02\/movements-12x12.jpg 12w, https:\/\/www.artsably.com\/wp-content\/uploads\/2024\/02\/movements-1320x1320.jpg 1320w\" sizes=\"auto, (max-width: 2560px) 100vw, 2560px\" \/><\/a><\/figure>\n\n<h3 class=\"wp-block-post-title\"><a href=\"https:\/\/www.artsably.com\/fr\/dance-acting\/\" target=\"_self\" >Danse et th\u00e9\u00e2tre<\/a><\/h3>\n\n<div class=\"wp-block-post-excerpt\"><p class=\"wp-block-post-excerpt__excerpt\">S\u00e9lection de documentaires et de films mettant en sc\u00e8ne des danseurs et des acteurs handicap\u00e9s.<\/p><p class=\"wp-block-post-excerpt__more-text\"><a class=\"wp-block-post-excerpt__more-link\" href=\"https:\/\/www.artsably.com\/fr\/dance-acting\/\">Voir la liste des films<\/a><\/p><\/div><\/div>\n\n<\/li><li class=\"wp-block-post post-607 post type-post status-publish format-standard has-post-thumbnail hentry category-movies\">\n\n<div class=\"wp-block-group is-layout-flow wp-block-group-is-layout-flow\" style=\"padding-top:30px;padding-right:30px;padding-bottom:30px;padding-left:30px\"><figure style=\"padding-top:var(--wp--preset--spacing--20);padding-bottom:var(--wp--preset--spacing--20);padding-left:var(--wp--preset--spacing--20);padding-right:var(--wp--preset--spacing--20);\" class=\"aligncenter wp-block-post-featured-image\"><a href=\"https:\/\/www.artsably.com\/fr\/music\/\" target=\"_self\"  ><img loading=\"lazy\" decoding=\"async\" width=\"1538\" height=\"1538\" src=\"https:\/\/www.artsably.com\/wp-content\/uploads\/2024\/02\/movie-music-resize.jpg\" class=\"attachment-post-thumbnail size-post-thumbnail wp-post-image\" alt=\"Musique\" style=\"object-fit:cover;\" srcset=\"https:\/\/www.artsably.com\/wp-content\/uploads\/2024\/02\/movie-music-resize.jpg 1538w, https:\/\/www.artsably.com\/wp-content\/uploads\/2024\/02\/movie-music-resize-300x300.jpg 300w, https:\/\/www.artsably.com\/wp-content\/uploads\/2024\/02\/movie-music-resize-1024x1024.jpg 1024w, https:\/\/www.artsably.com\/wp-content\/uploads\/2024\/02\/movie-music-resize-150x150.jpg 150w, https:\/\/www.artsably.com\/wp-content\/uploads\/2024\/02\/movie-music-resize-768x768.jpg 768w, https:\/\/www.artsably.com\/wp-content\/uploads\/2024\/02\/movie-music-resize-1536x1536.jpg 1536w, https:\/\/www.artsably.com\/wp-content\/uploads\/2024\/02\/movie-music-resize-12x12.jpg 12w, https:\/\/www.artsably.com\/wp-content\/uploads\/2024\/02\/movie-music-resize-1320x1320.jpg 1320w\" sizes=\"auto, (max-width: 1538px) 100vw, 1538px\" \/><\/a><\/figure>\n\n<h3 class=\"wp-block-post-title\"><a href=\"https:\/\/www.artsably.com\/fr\/music\/\" target=\"_self\" >Musique<\/a><\/h3>\n\n<div class=\"wp-block-post-excerpt\"><p class=\"wp-block-post-excerpt__excerpt\">Films sur des musiciens handicap\u00e9s ou dans lesquels l'un des personnages principaux li\u00e9s au monde de la musique est handicap\u00e9.<\/p><p class=\"wp-block-post-excerpt__more-text\"><a class=\"wp-block-post-excerpt__more-link\" href=\"https:\/\/www.artsably.com\/fr\/music\/\">Voir la liste des films<\/a><\/p><\/div><\/div>\n\n<\/li><\/ul><\/div>\n<\/div>","protected":false},"excerpt":{"rendered":"<p>The best way to learn about others\u2019 experiences is to read their stories. Many resources are available online. Books In this section, you will find links to digital accessible and [&hellip;]<\/p>\n","protected":false},"author":1,"featured_media":0,"parent":0,"menu_order":0,"comment_status":"closed","ping_status":"closed","template":"","meta":{"_EventAllDay":false,"_EventTimezone":"","_EventStartDate":"","_EventEndDate":"","_EventStartDateUTC":"","_EventEndDateUTC":"","_EventShowMap":false,"_EventShowMapLink":false,"_EventURL":"","_EventCost":"","_EventCostDescription":"","_EventCurrencySymbol":"","_EventCurrencyCode":"","_EventCurrencyPosition":"","_EventDateTimeSeparator":"","_EventTimeRangeSeparator":"","_EventOrganizerID":[],"_EventVenueID":[],"_OrganizerEmail":"","_OrganizerPhone":"","_OrganizerWebsite":"","_VenueAddress":"","_VenueCity":"","_VenueCountry":"","_VenueProvince":"","_VenueState":"","_VenueZip":"","_VenuePhone":"","_VenueURL":"","_VenueStateProvince":"","_VenueLat":"","_VenueLng":"","_VenueShowMap":false,"_VenueShowMapLink":false,"footnotes":""},"class_list":["post-347","page","type-page","status-publish","hentry"],"_links":{"self":[{"href":"https:\/\/www.artsably.com\/fr\/wp-json\/wp\/v2\/pages\/347","targetHints":{"allow":["GET"]}}],"collection":[{"href":"https:\/\/www.artsably.com\/fr\/wp-json\/wp\/v2\/pages"}],"about":[{"href":"https:\/\/www.artsably.com\/fr\/wp-json\/wp\/v2\/types\/page"}],"author":[{"embeddable":true,"href":"https:\/\/www.artsably.com\/fr\/wp-json\/wp\/v2\/users\/1"}],"replies":[{"embeddable":true,"href":"https:\/\/www.artsably.com\/fr\/wp-json\/wp\/v2\/comments?post=347"}],"version-history":[{"count":17,"href":"https:\/\/www.artsably.com\/fr\/wp-json\/wp\/v2\/pages\/347\/revisions"}],"predecessor-version":[{"id":710,"href":"https:\/\/www.artsably.com\/fr\/wp-json\/wp\/v2\/pages\/347\/revisions\/710"}],"wp:attachment":[{"href":"https:\/\/www.artsably.com\/fr\/wp-json\/wp\/v2\/media?parent=347"}],"curies":[{"name":"wp","href":"https:\/\/api.w.org\/{rel}","templated":true}]}}