{"id":427,"date":"2024-02-06T13:55:53","date_gmt":"2024-02-06T18:55:53","guid":{"rendered":"https:\/\/www.artsably.com\/?page_id=427"},"modified":"2024-08-13T16:44:18","modified_gmt":"2024-08-13T20:44:18","slug":"enquete-sur-le-lancement-dartsably","status":"publish","type":"page","link":"https:\/\/www.artsably.com\/fr\/artsably-launch-survey\/","title":{"rendered":"Enqu\u00eate d'opinion sur ArtsAbly"},"content":{"rendered":"<div class=\"wpcf7 no-js\" id=\"wpcf7-f426-o1\" lang=\"en-US\" dir=\"ltr\" data-wpcf7-id=\"426\">\n<div class=\"screen-reader-response\"><p role=\"status\" aria-live=\"polite\" aria-atomic=\"true\"><\/p> <ul><\/ul><\/div>\n<form action=\"\/fr\/wp-json\/wp\/v2\/pages\/427#wpcf7-f426-o1\" method=\"post\" class=\"wpcf7-form init\" aria-label=\"Formulaire de contact\" novalidate=\"novalidate\" data-status=\"init\" data-trp-original-action=\"\/fr\/wp-json\/wp\/v2\/pages\/427#wpcf7-f426-o1\">\n<fieldset class=\"hidden-fields-container\"><input type=\"hidden\" name=\"_wpcf7\" value=\"426\" \/><input type=\"hidden\" name=\"_wpcf7_version\" value=\"6.1.5\" \/><input type=\"hidden\" name=\"_wpcf7_locale\" value=\"en_US\" \/><input type=\"hidden\" name=\"_wpcf7_unit_tag\" value=\"wpcf7-f426-o1\" \/><input type=\"hidden\" name=\"_wpcf7_container_post\" value=\"0\" \/><input type=\"hidden\" name=\"_wpcf7_posted_data_hash\" value=\"\" \/><input type=\"hidden\" name=\"_uacf7_hidden_conditional_fields\" value=\"\" \/>\n<\/fieldset>\n<div class=\"uacf7-form-wrapper-container uacf7-form-426\"><span class='bold-text'>Merci d'avoir pris le temps de participer \u00e0 cette enqu\u00eate.<\/span>\nNous aimerions avoir votre avis.\nQu'aimeriez-vous voir sur le site ArtsAbly \u00e0 l'avenir ?\nQuels invit\u00e9s voudriez-vous que nous invitions dans notre s\u00e9rie de conf\u00e9renciers ?\nTravaillez-vous avec une structure qui pourrait b\u00e9n\u00e9ficier de conf\u00e9rences sur l'accessibilit\u00e9 ?\n<br \/><br \/>\n\n<label> Votre nom\n    <span class=\"wpcf7-form-control-wrap\" data-name=\"your-name\"><input size=\"40\" maxlength=\"400\" class=\"wpcf7-form-control wpcf7-text wpcf7-validates-as-required\" autocomplete=\"name\" aria-required=\"true\" aria-invalid=\"false\" value=\"\" type=\"text\" name=\"your-name\" \/><\/span> <\/label>\n\n<label> Votre email\n    <span class=\"wpcf7-form-control-wrap\" data-name=\"your-email\"><input size=\"40\" maxlength=\"400\" class=\"wpcf7-form-control wpcf7-email wpcf7-validates-as-required wpcf7-text wpcf7-validates-as-email\" autocomplete=\"email\" aria-required=\"true\" aria-invalid=\"false\" value=\"\" type=\"email\" name=\"your-email\" \/><\/span> <\/label>\n\n<h2><span class='bold-text medium'>Partie 1. Site web et services existants<\/span><\/h2>\n\n<h3><span class='medium'>1. Que pensez-vous du site web ? Quelles parties pourraient \u00eatre am\u00e9lior\u00e9es ?<\/span><\/h3>\n    <span class='full-width'><span class=\"wpcf7-form-control-wrap\" data-name=\"your-answer-1-1\"><textarea cols=\"40\" rows=\"10\" maxlength=\"2000\" class=\"wpcf7-form-control wpcf7-textarea\" aria-invalid=\"false\" name=\"your-answer-1-1\"><\/textarea><\/span><\/span>\n\n<label> <h3><span class='medium'>2. Parmi les services existants propos\u00e9s sur le site web, quels sont ceux qui vous int\u00e9ressent le plus, et pourquoi ?<\/span><\/h3>\n    <span class=\"wpcf7-form-control-wrap\" data-name=\"your-answer-1-2\"><textarea cols=\"40\" rows=\"10\" maxlength=\"2000\" class=\"wpcf7-form-control wpcf7-textarea\" aria-invalid=\"false\" name=\"your-answer-1-2\"><\/textarea><\/span> <\/label>\n\n<label> <h3><span class='medium'>3. Souhaiteriez-vous d'autres types de services, et si oui, lesquels ? Comment pensez-vous qu'ArtsAbly peut vous aider ?<\/span><\/h3>\n    <span class=\"wpcf7-form-control-wrap\" data-name=\"your-answer-1-3\"><textarea cols=\"40\" rows=\"10\" maxlength=\"2000\" class=\"wpcf7-form-control wpcf7-textarea\" aria-invalid=\"false\" name=\"your-answer-1-3\"><\/textarea><\/span> <\/label>\n\n<label> <h3><span class='medium'>4. Connaissez-vous ou pensez-vous \u00e0 une structure (th\u00e9\u00e2tre, salle de concert, \u00e9glise, \u00e9cole...) ou \u00e0 un ensemble (chorale, orchestre, compagnie de th\u00e9\u00e2tre ou de danse...) qui pourrait b\u00e9n\u00e9ficier de nos services ? Si oui, comment ? Souhaitez-vous nous communiquer leurs coordonn\u00e9es afin que nous puissions les contacter ? Il n'y a pas de probl\u00e8me si vous ne souhaitez pas partager vos coordonn\u00e9es, vous pouvez toujours nous donner une suggestion de la structure ou de l'ensemble. Ajoutez-en plusieurs si vous le souhaitez.<\/span><\/h3>\n    <span class=\"wpcf7-form-control-wrap\" data-name=\"your-answer-1-4\"><textarea cols=\"40\" rows=\"10\" maxlength=\"2000\" class=\"wpcf7-form-control wpcf7-textarea\" aria-invalid=\"false\" name=\"your-answer-1-4\"><\/textarea><\/span> <\/label>\n\n<h2><span class='bold-text medium'>Partie 2. S\u00e9rie de podcasts et d'orateurs et invit\u00e9s<\/span><\/h2>\n\n<h3><span class='medium'>5. Connaissez-vous un artiste, un universitaire ou un professionnel handicap\u00e9, ou une personne travaillant dans le domaine des arts et du handicap ? Souhaitez-vous que nous les contactions afin de les inviter \u00e0 notre prochaine s\u00e9rie de conf\u00e9rences ? Bien que la s\u00e9rie soit ax\u00e9e sur les artistes et les universitaires canadiens, nous accueillerons \u00e9galement des invit\u00e9s de l'\u00e9tranger. Il y aura des \u00e9pisodes en fran\u00e7ais et en anglais, mais si vous pensez \u00e0 quelqu'un qui ne parle pas ces langues, vous pouvez toujours le sugg\u00e9rer, nous trouverons un moyen de le faire. De plus, si vous souhaitez \u00eatre mis en vedette, n'h\u00e9sitez pas \u00e0 vous proposer.<\/span><\/h3>\n    <span class=\"wpcf7-form-control-wrap\" data-name=\"your-answer-2-5\"><textarea cols=\"40\" rows=\"10\" maxlength=\"2000\" class=\"wpcf7-form-control wpcf7-textarea\" aria-invalid=\"false\" name=\"your-answer-2-5\"><\/textarea><\/span>\n\n<label> <h3><span class='medium'>6. O\u00f9 souhaitez-vous que le podcast soit publi\u00e9 ? Sur YouTube ? Spotify ? Apple Music ? Autres plateformes ?<\/span><\/h3>\n    <span class=\"wpcf7-form-control-wrap\" data-name=\"your-answer-2-6\"><textarea cols=\"40\" rows=\"10\" maxlength=\"2000\" class=\"wpcf7-form-control wpcf7-textarea\" aria-invalid=\"false\" name=\"your-answer-2-6\"><\/textarea><\/span> <\/label>\n\n<label> <h3><span class='medium'>7. Outre les invit\u00e9s, qu'aimeriez-vous voir et entendre dans notre podcast ? Pr\u00e9f\u00e9reriez-vous que les contenus vid\u00e9o et audio portent sur des sujets diff\u00e9rents ?<\/span><\/h3>\n    <span class=\"wpcf7-form-control-wrap\" data-name=\"your-answer-2-7\"><textarea cols=\"40\" rows=\"10\" maxlength=\"2000\" class=\"wpcf7-form-control wpcf7-textarea\" aria-invalid=\"false\" name=\"your-answer-2-7\"><\/textarea><\/span> <\/label>\n\n<h2><span class='bold-text medium'>Partie 3. Lettre d'information<\/span><\/h2>\n\n<h3><span class='medium'>8. \u00cates-vous abonn\u00e9(e) \u00e0 notre lettre d'information ?<\/span><\/h3>\n\n<span class=\"wpcf7-form-control-wrap\" data-name=\"your-answer-3-8\"><span class=\"wpcf7-form-control wpcf7-radio\"><span class=\"wpcf7-list-item first\"><label><input type=\"radio\" name=\"your-answer-3-8\" value=\"Yes\" \/><span class=\"wpcf7-list-item-label\">Oui<\/span><\/label><\/span><span class=\"wpcf7-list-item last\"><label><input type=\"radio\" name=\"your-answer-3-8\" value=\"No\" \/><span class=\"wpcf7-list-item-label\">Non<\/span><\/label><\/span><\/span><\/span>\n\n<div class=\"uacf7_conditional conditional-3-8\">\nSi non, pourquoi ? veuillez pr\u00e9ciser.\n<br \/>\n<span class=\"wpcf7-form-control-wrap\" data-name=\"your-answer-3-8-no\"><input size=\"40\" maxlength=\"400\" class=\"wpcf7-form-control wpcf7-text\" aria-invalid=\"false\" value=\"\" type=\"text\" name=\"your-answer-3-8-no\" \/><\/span>\n<\/div>\n\n<h3><span class='medium'>9. A quelle fr\u00e9quence souhaitez-vous recevoir la lettre d'information ?<\/span><\/h3>\n\n<span class='radio-block'><span class=\"wpcf7-form-control-wrap\" data-name=\"your-answer-3-9\"><span class=\"wpcf7-form-control wpcf7-radio\"><span class=\"wpcf7-list-item first\"><label><input type=\"radio\" name=\"your-answer-3-9\" value=\"Once a week\" \/><span class=\"wpcf7-list-item-label\">Une fois par semaine<\/span><\/label><\/span><span class=\"wpcf7-list-item\"><label><input type=\"radio\" name=\"your-answer-3-9\" value=\"Once a month\" \/><span class=\"wpcf7-list-item-label\">Une fois par mois<\/span><\/label><\/span><span class=\"wpcf7-list-item last\"><label><input type=\"radio\" name=\"your-answer-3-9\" value=\"Other\" \/><span class=\"wpcf7-list-item-label\">Autre<\/span><\/label><\/span><\/span><\/span><\/span>\n\n<div class=\"uacf7_conditional conditional-3-9\">\nVeuillez pr\u00e9ciser.\n<br \/>\n<span class=\"wpcf7-form-control-wrap\" data-name=\"your-answer-3-9-other\"><input size=\"40\" maxlength=\"400\" class=\"wpcf7-form-control wpcf7-text\" aria-invalid=\"false\" value=\"\" type=\"text\" name=\"your-answer-3-9-other\" \/><\/span>\n<\/div>\n\n<label> <h3><span class='medium'>10. Que souhaiteriez-vous voir figurer dans la lettre d'information ? Quelles sont les informations utiles que vous appr\u00e9cieriez ? Quels sont les liens que vous aimeriez voir ?<\/span><\/h3>\n    <span class=\"wpcf7-form-control-wrap\" data-name=\"your-answer-3-10\"><textarea cols=\"40\" rows=\"10\" maxlength=\"2000\" class=\"wpcf7-form-control wpcf7-textarea\" aria-invalid=\"false\" name=\"your-answer-3-10\"><\/textarea><\/span> <\/label>\n\n<h2><span class='bold-text medium'>Partie 4. R\u00e9seaux sociaux<\/span><\/h2>\n\nVoici une liste de nos plateformes de r\u00e9seaux sociaux :\n <ul>\n  <li>Page Facebook : <a href=\"https:\/\/www.facebook.com\/artsably\" target=\"_blank\" rel=\"noopener noreferrer\" aria-label=\"Visitez notre page Facebook\">https:\/\/www.facebook.com\/artsably<\/a><\/li>\n  <li>Page Instagram : <a href=\"https:\/\/www.instagram.com\/artsably\/\" target=\"_blank\" rel=\"noopener noreferrer\" aria-label=\"Visitez notre page Instagram\">https:\/\/www.instagram.com\/artsably\/<\/a><\/li>\n  <li>LinkedIn : <a href=\"https:\/\/www.linkedin.com\/company\/artsably\" target=\"_blank\" rel=\"noopener noreferrer\" aria-label=\"Visitez notre page LinkedIn\">https:\/\/www.linkedin.com\/company\/artsably<\/a><\/li>\n  <li>YouTube : <a href=\"https:\/\/www.youtube.com\/@ArtsAbly\" target=\"_blank\" rel=\"noopener noreferrer\" aria-label=\"Visitez notre cha\u00eene YouTube\">https:\/\/www.youtube.com\/@ArtsAbly<\/a><\/li>\n<\/ul> \n\n<h3><span class='medium'>11. Suivez-vous ArtsAbly sur les r\u00e9seaux sociaux ? Si oui, lesquels ?<\/span><\/h3>\n\n<span class=\"wpcf7-form-control-wrap\" data-name=\"your-answer-4-11\"><span class=\"wpcf7-form-control wpcf7-checkbox\"><span class=\"wpcf7-list-item first\"><label><input type=\"checkbox\" name=\"your-answer-4-11[]\" value=\"Facebook page\" \/><span class=\"wpcf7-list-item-label\">Page Facebook<\/span><\/label><\/span><span class=\"wpcf7-list-item\"><label><input type=\"checkbox\" name=\"your-answer-4-11[]\" value=\"Instagram page\" \/><span class=\"wpcf7-list-item-label\">Page Instagram<\/span><\/label><\/span><span class=\"wpcf7-list-item\"><label><input type=\"checkbox\" name=\"your-answer-4-11[]\" value=\"LinkedIn\" \/><span class=\"wpcf7-list-item-label\">LinkedIn<\/span><\/label><\/span><span class=\"wpcf7-list-item\"><label><input type=\"checkbox\" name=\"your-answer-4-11[]\" value=\"YouTube\" \/><span class=\"wpcf7-list-item-label\">YouTube<\/span><\/label><\/span><span class=\"wpcf7-list-item last\"><label><input type=\"checkbox\" name=\"your-answer-4-11[]\" value=\"None of the above\" \/><span class=\"wpcf7-list-item-label\">Aucun de ces choix<\/span><\/label><\/span><\/span><\/span>\n\n<div class=\"uacf7_conditional conditional-4-11\">\nVeuillez pr\u00e9ciser pourquoi.\n<br \/>\n<span class=\"wpcf7-form-control-wrap\" data-name=\"your-answer-4-11-other\"><input size=\"40\" maxlength=\"400\" class=\"wpcf7-form-control wpcf7-text\" aria-invalid=\"false\" value=\"\" type=\"text\" name=\"your-answer-4-11-other\" \/><\/span>\n<\/div>\n\n<h3><span class='medium'>12. \u00c0 quelle fr\u00e9quence aimeriez-vous voir de nouveaux contenus ? (Nous ajusterons notre fr\u00e9quence \u00e0 l'avenir).<\/span><\/h3>\n\n<span class=\"wpcf7-form-control-wrap\" data-name=\"your-answer-4-12\"><span class=\"wpcf7-form-control wpcf7-radio\"><span class=\"wpcf7-list-item first\"><label><input type=\"radio\" name=\"your-answer-4-12\" value=\"Every day\" \/><span class=\"wpcf7-list-item-label\">Tous les jours<\/span><\/label><\/span><span class=\"wpcf7-list-item\"><label><input type=\"radio\" name=\"your-answer-4-12\" value=\"Once a week\" \/><span class=\"wpcf7-list-item-label\">Une fois par semaine<\/span><\/label><\/span><span class=\"wpcf7-list-item\"><label><input type=\"radio\" name=\"your-answer-4-12\" value=\"Once a month\" \/><span class=\"wpcf7-list-item-label\">Une fois par mois<\/span><\/label><\/span><span class=\"wpcf7-list-item last\"><label><input type=\"radio\" name=\"your-answer-4-12\" value=\"Other\" \/><span class=\"wpcf7-list-item-label\">Autre<\/span><\/label><\/span><\/span><\/span>\n\n<div class=\"uacf7_conditional conditional-4-12\">\nVeuillez pr\u00e9ciser.\n<br \/>\n<span class=\"wpcf7-form-control-wrap\" data-name=\"your-answer-4-12-other\"><input size=\"40\" maxlength=\"400\" class=\"wpcf7-form-control wpcf7-text\" aria-invalid=\"false\" value=\"\" type=\"text\" name=\"your-answer-4-12-other\" \/><\/span>\n<\/div>\n\n<label> <h3><span class='medium'>13. Quel type de publications aimeriez-vous voir sur nos pages de r\u00e9seaux sociaux ? Quelles informations trouveriez-vous utiles ?<\/span><\/h3>\n    <span class=\"wpcf7-form-control-wrap\" data-name=\"your-answer-4-13\"><textarea cols=\"40\" rows=\"10\" maxlength=\"2000\" class=\"wpcf7-form-control wpcf7-textarea\" aria-invalid=\"false\" name=\"your-answer-4-13\"><\/textarea><\/span> <\/label>\n\n<h2><span class='bold-text medium'>Partie 5. Un commentaire ou une question ?<\/span><\/h2>\n\nSi vous avez d'autres commentaires, questions ou suggestions, n'h\u00e9sitez pas \u00e0 les \u00e9crire ici.\n\n<span class=\"wpcf7-form-control-wrap\" data-name=\"your-answer-5-14\"><textarea cols=\"40\" rows=\"10\" maxlength=\"2000\" class=\"wpcf7-form-control wpcf7-textarea\" aria-invalid=\"false\" name=\"your-answer-5-14\"><\/textarea><\/span>\n<br\/><br \/>\n\n<div id=\"cf7sr-69de9348109c9\" class=\"cf7sr-g-recaptcha\" data-theme=\"light\" data-type=\"image\" data-size=\"normal\" data-sitekey=\"6LfvYu8oAAAAAKN8-hRi6jOjZ1iI_TfoEGSUF2dw\"><\/div><span class=\"wpcf7-form-control-wrap cf7sr-recaptcha\" data-name=\"cf7sr-recaptcha\"><input type=\"hidden\" name=\"cf7sr-recaptcha\" value=\"\" class=\"wpcf7-form-control\"><\/span>\n<input class=\"wpcf7-form-control wpcf7-submit has-spinner\" type=\"submit\" value=\"Envoyer vos r\u00e9ponses\" \/><\/div><div class=\"wpcf7-response-output\" aria-hidden=\"true\"><\/div>\n<input type=\"hidden\" name=\"trp-form-language\" value=\"fr\"\/><\/form>\n<\/div>","protected":false},"excerpt":{"rendered":"","protected":false},"author":1,"featured_media":0,"parent":0,"menu_order":0,"comment_status":"closed","ping_status":"closed","template":"","meta":{"_EventAllDay":false,"_EventTimezone":"","_EventStartDate":"","_EventEndDate":"","_EventStartDateUTC":"","_EventEndDateUTC":"","_EventShowMap":false,"_EventShowMapLink":false,"_EventURL":"","_EventCost":"","_EventCostDescription":"","_EventCurrencySymbol":"","_EventCurrencyCode":"","_EventCurrencyPosition":"","_EventDateTimeSeparator":"","_EventTimeRangeSeparator":"","_EventOrganizerID":[],"_EventVenueID":[],"_OrganizerEmail":"","_OrganizerPhone":"","_OrganizerWebsite":"","_VenueAddress":"","_VenueCity":"","_VenueCountry":"","_VenueProvince":"","_VenueState":"","_VenueZip":"","_VenuePhone":"","_VenueURL":"","_VenueStateProvince":"","_VenueLat":"","_VenueLng":"","_VenueShowMap":false,"_VenueShowMapLink":false,"footnotes":""},"class_list":["post-427","page","type-page","status-publish","hentry"],"_links":{"self":[{"href":"https:\/\/www.artsably.com\/fr\/wp-json\/wp\/v2\/pages\/427","targetHints":{"allow":["GET"]}}],"collection":[{"href":"https:\/\/www.artsably.com\/fr\/wp-json\/wp\/v2\/pages"}],"about":[{"href":"https:\/\/www.artsably.com\/fr\/wp-json\/wp\/v2\/types\/page"}],"author":[{"embeddable":true,"href":"https:\/\/www.artsably.com\/fr\/wp-json\/wp\/v2\/users\/1"}],"replies":[{"embeddable":true,"href":"https:\/\/www.artsably.com\/fr\/wp-json\/wp\/v2\/comments?post=427"}],"version-history":[{"count":2,"href":"https:\/\/www.artsably.com\/fr\/wp-json\/wp\/v2\/pages\/427\/revisions"}],"predecessor-version":[{"id":1631,"href":"https:\/\/www.artsably.com\/fr\/wp-json\/wp\/v2\/pages\/427\/revisions\/1631"}],"wp:attachment":[{"href":"https:\/\/www.artsably.com\/fr\/wp-json\/wp\/v2\/media?parent=427"}],"curies":[{"name":"wp","href":"https:\/\/api.w.org\/{rel}","templated":true}]}}