{"id":663,"date":"2024-02-21T01:40:32","date_gmt":"2024-02-21T06:40:32","guid":{"rendered":"https:\/\/www.artsably.com\/?page_id=663"},"modified":"2024-02-21T01:40:32","modified_gmt":"2024-02-21T06:40:32","slug":"films","status":"publish","type":"page","link":"https:\/\/www.artsably.com\/fr\/movies\/","title":{"rendered":"Films"},"content":{"rendered":"<div class=\"wp-block-group has-global-padding is-layout-constrained wp-block-group-is-layout-constrained\">\n<p>Les films et les documentaires montrent \u00e0 quel point la repr\u00e9sentation des personnes handicap\u00e9es a \u00e9volu\u00e9 au fil du temps dans notre soci\u00e9t\u00e9. Les arts ont toujours offert un espace propice \u00e0 ces repr\u00e9sentations. Cette liste n'est pas exhaustive. N'h\u00e9sitez pas \u00e0 nous faire part de toute r\u00e9f\u00e9rence manquante qui, selon vous, devrait \u00eatre ajout\u00e9e.<\/p>\n\n\n\n<hr class=\"wp-block-separator has-alpha-channel-opacity\"\/>\n<\/div>\n\n\n\n<div class=\"wp-block-group alignwide has-global-padding is-layout-constrained wp-block-group-is-layout-constrained\">\n<div class=\"wp-block-query alignwide is-layout-flow wp-block-query-is-layout-flow\"><ul class=\"columns-3 wp-block-post-template is-layout-grid wp-container-core-post-template-is-layout-fa38c3f2 wp-block-post-template-is-layout-grid\"><li class=\"wp-block-post post-681 post type-post status-publish format-standard has-post-thumbnail hentry category-movies\">\n<figure style=\"padding-top:var(--wp--preset--spacing--20);padding-bottom:var(--wp--preset--spacing--20);padding-left:var(--wp--preset--spacing--20);padding-right:var(--wp--preset--spacing--20);\" class=\"wp-block-post-featured-image\"><img loading=\"lazy\" decoding=\"async\" width=\"2560\" height=\"2560\" src=\"https:\/\/www.artsably.com\/wp-content\/uploads\/2024\/02\/actors-red-curtain-scaled.jpg\" class=\"attachment-post-thumbnail size-post-thumbnail wp-post-image\" alt=\"Ombres de deux acteurs devant un rideau rouge sur une sc\u00e8ne. L&#039;homme \u00e0 gauche danse, la femme \u00e0 droite fait signe \u00e0 quelqu&#039;un en coulisses.\" style=\"object-fit:cover;\" srcset=\"https:\/\/www.artsably.com\/wp-content\/uploads\/2024\/02\/actors-red-curtain-scaled.jpg 2560w, https:\/\/www.artsably.com\/wp-content\/uploads\/2024\/02\/actors-red-curtain-300x300.jpg 300w, https:\/\/www.artsably.com\/wp-content\/uploads\/2024\/02\/actors-red-curtain-1024x1024.jpg 1024w, https:\/\/www.artsably.com\/wp-content\/uploads\/2024\/02\/actors-red-curtain-150x150.jpg 150w, https:\/\/www.artsably.com\/wp-content\/uploads\/2024\/02\/actors-red-curtain-768x768.jpg 768w, https:\/\/www.artsably.com\/wp-content\/uploads\/2024\/02\/actors-red-curtain-1536x1536.jpg 1536w, https:\/\/www.artsably.com\/wp-content\/uploads\/2024\/02\/actors-red-curtain-2048x2048.jpg 2048w, https:\/\/www.artsably.com\/wp-content\/uploads\/2024\/02\/actors-red-curtain-12x12.jpg 12w, https:\/\/www.artsably.com\/wp-content\/uploads\/2024\/02\/actors-red-curtain-1320x1320.jpg 1320w\" sizes=\"auto, (max-width: 2560px) 100vw, 2560px\" \/><\/figure>\n\n<h2 class=\"has-text-align-center wp-block-post-title\"><a href=\"https:\/\/www.artsably.com\/fr\/multidisciplinary\/\" target=\"_self\" >Multidisciplinaire<\/a><\/h2>\n\n<div class=\"wp-block-post-excerpt\"><p class=\"wp-block-post-excerpt__excerpt\">Films racontant la vie et l'exp\u00e9rience d'artistes handicap\u00e9s dans diff\u00e9rents domaines.<\/p><p class=\"wp-block-post-excerpt__more-text\"><a class=\"wp-block-post-excerpt__more-link\" href=\"https:\/\/www.artsably.com\/fr\/multidisciplinary\/\">acc\u00e9der \u00e0 la liste des films<\/a><\/p><\/div>\n<\/li><li class=\"wp-block-post post-672 post type-post status-publish format-standard has-post-thumbnail hentry category-movies\">\n<figure style=\"padding-top:var(--wp--preset--spacing--20);padding-bottom:var(--wp--preset--spacing--20);padding-left:var(--wp--preset--spacing--20);padding-right:var(--wp--preset--spacing--20);\" class=\"wp-block-post-featured-image\"><img loading=\"lazy\" decoding=\"async\" width=\"2560\" height=\"2560\" src=\"https:\/\/www.artsably.com\/wp-content\/uploads\/2024\/02\/movements-scaled.jpg\" class=\"attachment-post-thumbnail size-post-thumbnail wp-post-image\" alt=\"Un danseur sur sc\u00e8ne, pieds nus, v\u00eatu d&#039;une tenue noire, tourne tr\u00e8s vite.\" style=\"object-fit:cover;\" srcset=\"https:\/\/www.artsably.com\/wp-content\/uploads\/2024\/02\/movements-scaled.jpg 2560w, https:\/\/www.artsably.com\/wp-content\/uploads\/2024\/02\/movements-300x300.jpg 300w, https:\/\/www.artsably.com\/wp-content\/uploads\/2024\/02\/movements-1024x1024.jpg 1024w, https:\/\/www.artsably.com\/wp-content\/uploads\/2024\/02\/movements-150x150.jpg 150w, https:\/\/www.artsably.com\/wp-content\/uploads\/2024\/02\/movements-768x768.jpg 768w, https:\/\/www.artsably.com\/wp-content\/uploads\/2024\/02\/movements-1536x1536.jpg 1536w, https:\/\/www.artsably.com\/wp-content\/uploads\/2024\/02\/movements-2048x2048.jpg 2048w, https:\/\/www.artsably.com\/wp-content\/uploads\/2024\/02\/movements-12x12.jpg 12w, https:\/\/www.artsably.com\/wp-content\/uploads\/2024\/02\/movements-1320x1320.jpg 1320w\" sizes=\"auto, (max-width: 2560px) 100vw, 2560px\" \/><\/figure>\n\n<h2 class=\"has-text-align-center wp-block-post-title\"><a href=\"https:\/\/www.artsably.com\/fr\/dance-acting\/\" target=\"_self\" >Danse et th\u00e9\u00e2tre<\/a><\/h2>\n\n<div class=\"wp-block-post-excerpt\"><p class=\"wp-block-post-excerpt__excerpt\">S\u00e9lection de documentaires et de films mettant en sc\u00e8ne des danseurs et des acteurs handicap\u00e9s.<\/p><p class=\"wp-block-post-excerpt__more-text\"><a class=\"wp-block-post-excerpt__more-link\" href=\"https:\/\/www.artsably.com\/fr\/dance-acting\/\">acc\u00e9der \u00e0 la liste des films<\/a><\/p><\/div>\n<\/li><li class=\"wp-block-post post-607 post type-post status-publish format-standard has-post-thumbnail hentry category-movies\">\n<figure style=\"padding-top:var(--wp--preset--spacing--20);padding-bottom:var(--wp--preset--spacing--20);padding-left:var(--wp--preset--spacing--20);padding-right:var(--wp--preset--spacing--20);\" class=\"wp-block-post-featured-image\"><img loading=\"lazy\" decoding=\"async\" width=\"1538\" height=\"1538\" src=\"https:\/\/www.artsably.com\/wp-content\/uploads\/2024\/02\/movie-music-resize.jpg\" class=\"attachment-post-thumbnail size-post-thumbnail wp-post-image\" alt=\"Une foule qui applaudit et lance des confettis. Une sc\u00e8ne illumin\u00e9e se trouve \u00e0 l&#039;arri\u00e8re-plan, avec deux \u00e9crans g\u00e9ants orange de part et d&#039;autre.\" style=\"object-fit:cover;\" srcset=\"https:\/\/www.artsably.com\/wp-content\/uploads\/2024\/02\/movie-music-resize.jpg 1538w, https:\/\/www.artsably.com\/wp-content\/uploads\/2024\/02\/movie-music-resize-300x300.jpg 300w, https:\/\/www.artsably.com\/wp-content\/uploads\/2024\/02\/movie-music-resize-1024x1024.jpg 1024w, https:\/\/www.artsably.com\/wp-content\/uploads\/2024\/02\/movie-music-resize-150x150.jpg 150w, https:\/\/www.artsably.com\/wp-content\/uploads\/2024\/02\/movie-music-resize-768x768.jpg 768w, https:\/\/www.artsably.com\/wp-content\/uploads\/2024\/02\/movie-music-resize-1536x1536.jpg 1536w, https:\/\/www.artsably.com\/wp-content\/uploads\/2024\/02\/movie-music-resize-12x12.jpg 12w, https:\/\/www.artsably.com\/wp-content\/uploads\/2024\/02\/movie-music-resize-1320x1320.jpg 1320w\" sizes=\"auto, (max-width: 1538px) 100vw, 1538px\" \/><\/figure>\n\n<h2 class=\"has-text-align-center wp-block-post-title\"><a href=\"https:\/\/www.artsably.com\/fr\/music\/\" target=\"_self\" >Musique<\/a><\/h2>\n\n<div class=\"wp-block-post-excerpt\"><p class=\"wp-block-post-excerpt__excerpt\">Films sur des musiciens handicap\u00e9s ou dans lesquels l'un des personnages principaux li\u00e9s au monde de la musique est handicap\u00e9.<\/p><p class=\"wp-block-post-excerpt__more-text\"><a class=\"wp-block-post-excerpt__more-link\" href=\"https:\/\/www.artsably.com\/fr\/music\/\">acc\u00e9der \u00e0 la liste des films<\/a><\/p><\/div>\n<\/li><\/ul><\/div>\n<\/div>","protected":false},"excerpt":{"rendered":"<p>Films and documentaries show how much the variety of representation of people with disabilities has evolved over time in our society. Arts always provided a good space for these depictions. [&hellip;]<\/p>\n","protected":false},"author":1,"featured_media":0,"parent":0,"menu_order":0,"comment_status":"closed","ping_status":"closed","template":"","meta":{"_EventAllDay":false,"_EventTimezone":"","_EventStartDate":"","_EventEndDate":"","_EventStartDateUTC":"","_EventEndDateUTC":"","_EventShowMap":false,"_EventShowMapLink":false,"_EventURL":"","_EventCost":"","_EventCostDescription":"","_EventCurrencySymbol":"","_EventCurrencyCode":"","_EventCurrencyPosition":"","_EventDateTimeSeparator":"","_EventTimeRangeSeparator":"","_EventOrganizerID":[],"_EventVenueID":[],"_OrganizerEmail":"","_OrganizerPhone":"","_OrganizerWebsite":"","_VenueAddress":"","_VenueCity":"","_VenueCountry":"","_VenueProvince":"","_VenueState":"","_VenueZip":"","_VenuePhone":"","_VenueURL":"","_VenueStateProvince":"","_VenueLat":"","_VenueLng":"","_VenueShowMap":false,"_VenueShowMapLink":false,"footnotes":""},"class_list":["post-663","page","type-page","status-publish","hentry"],"_links":{"self":[{"href":"https:\/\/www.artsably.com\/fr\/wp-json\/wp\/v2\/pages\/663","targetHints":{"allow":["GET"]}}],"collection":[{"href":"https:\/\/www.artsably.com\/fr\/wp-json\/wp\/v2\/pages"}],"about":[{"href":"https:\/\/www.artsably.com\/fr\/wp-json\/wp\/v2\/types\/page"}],"author":[{"embeddable":true,"href":"https:\/\/www.artsably.com\/fr\/wp-json\/wp\/v2\/users\/1"}],"replies":[{"embeddable":true,"href":"https:\/\/www.artsably.com\/fr\/wp-json\/wp\/v2\/comments?post=663"}],"version-history":[{"count":7,"href":"https:\/\/www.artsably.com\/fr\/wp-json\/wp\/v2\/pages\/663\/revisions"}],"predecessor-version":[{"id":705,"href":"https:\/\/www.artsably.com\/fr\/wp-json\/wp\/v2\/pages\/663\/revisions\/705"}],"wp:attachment":[{"href":"https:\/\/www.artsably.com\/fr\/wp-json\/wp\/v2\/media?parent=663"}],"curies":[{"name":"wp","href":"https:\/\/api.w.org\/{rel}","templated":true}]}}