{"id":766,"date":"2024-02-27T20:30:32","date_gmt":"2024-02-28T01:30:32","guid":{"rendered":"https:\/\/www.artsably.com\/?page_id=766"},"modified":"2024-03-15T10:02:22","modified_gmt":"2024-03-15T14:02:22","slug":"a-propos-de-nous","status":"publish","type":"page","link":"https:\/\/www.artsably.com\/fr\/about-us\/","title":{"rendered":"A propos de nous"},"content":{"rendered":"<div class=\"wp-block-group has-global-padding is-layout-constrained wp-block-group-is-layout-constrained\">\n<div class=\"wp-block-group alignwide has-global-padding is-layout-constrained wp-block-group-is-layout-constrained\">\n<p>ArtsAbly propose de l'aide aux structures artistiques pour am\u00e9liorer leur accessibilit\u00e9 aux artistes handicap\u00e9s, et des conversations sur le handicap et l'accessibilit\u00e9 dans les \u00e9coles et les classes universitaires. Par l'engagement et l'\u00e9change, notre objectif est d'am\u00e9liorer la sensibilisation \u00e0 l'accessibilit\u00e9 dans les arts et de cr\u00e9er un dialogue ouvert entre les artistes-interpr\u00e8tes, les \u00e9tudiants et les ensembles artistiques.<\/p>\n\n\n\n<p>Cette br\u00e8ve introduction donne un aper\u00e7u de la naissance de ce projet et de ce qui l'attend.<\/p>\n<\/div>\n\n\n\n<div class=\"wp-block-group alignwide has-global-padding is-layout-constrained wp-block-group-is-layout-constrained\">\n<div style=\"height:20px\" aria-hidden=\"true\" class=\"wp-block-spacer\"><\/div>\n\n\n\n\n\n<\/p>\n\n\n<figure class=\"wp-block-embed wp-block-embed-youtube is-type-video is-provider-youtube epyt-figure\"><div class=\"wp-block-embed__wrapper\"><div class=\"epyt-video-wrapper\"><iframe loading=\"lazy\"  id=\"_ytid_21843\"  width=\"800\" height=\"450\"  data-origwidth=\"800\" data-origheight=\"450\"  data-relstop=\"1\" src=\"https:\/\/www.youtube.com\/embed\/vrZLJCpyKXY?enablejsapi=1&#038;autoplay=0&#038;cc_load_policy=0&#038;cc_lang_pref=&#038;iv_load_policy=1&#038;loop=0&#038;rel=0&#038;fs=1&#038;playsinline=0&#038;autohide=2&#038;theme=dark&#038;color=red&#038;controls=1&#038;disablekb=0&#038;\" class=\"__youtube_prefs__  no-lazyload\" title=\"ArtsAbly - Introduction en fran\u00e7ais (avec sous-titres)\"  allow=\"fullscreen; accelerometer; autoplay; clipboard-write; encrypted-media; gyroscope; picture-in-picture; web-share\" referrerpolicy=\"strict-origin-when-cross-origin\" allowfullscreen data-no-lazy=\"1\" data-skipgform_ajax_framebjll=\"\"><\/iframe><\/div><\/div><\/figure>\n\n\n<p>Si la vid\u00e9o ne s'affiche pas, cliquez sur ce lien pour la regarder directement sur YouTube : <a href=\"https:\/\/youtu.be\/vrZLJCpyKXY?si=NJVvL_YnWdwDZdjH\" target=\"_blank\" rel=\"noreferrer noopener\">ArtsAbly - Introduction en fran\u00e7ais (avec sous-titres)<\/a><\/p>\n\n\n<p>\n\n\n\n<div style=\"height:20px\" aria-hidden=\"true\" class=\"wp-block-spacer\"><\/div>\n\n\n\n<hr class=\"wp-block-separator has-alpha-channel-opacity is-style-wide\" style=\"margin-top:0;margin-bottom:0\"\/>\n<\/div>\n\n\n\n<div style=\"height:20px\" aria-hidden=\"true\" class=\"wp-block-spacer\"><\/div>\n\n\n\n<h2 class=\"wp-block-heading has-text-align-center has-large-font-size\">S'engager avec nous<\/h2>\n\n\n\n<div class=\"wp-block-group has-global-padding is-layout-constrained wp-block-group-is-layout-constrained\">\n<figure class=\"wp-block-image aligncenter size-full\"><a href=\"https:\/\/www.artsably.com\/fr\/enquete-sur-le-lancement-dartsably\/\"><img loading=\"lazy\" decoding=\"async\" width=\"128\" height=\"128\" src=\"https:\/\/www.artsably.com\/wp-content\/uploads\/2024\/02\/10186533_survey_rating_feedback_review_checklist_icon_128.png\" alt=\"Bloc d&#039;enqu\u00eate avec un stylo qui v\u00e9rifie les options sur un papier.\" class=\"wp-image-770\" srcset=\"https:\/\/www.artsably.com\/wp-content\/uploads\/2024\/02\/10186533_survey_rating_feedback_review_checklist_icon_128.png 128w, https:\/\/www.artsably.com\/wp-content\/uploads\/2024\/02\/10186533_survey_rating_feedback_review_checklist_icon_128-12x12.png 12w\" sizes=\"auto, (max-width: 128px) 100vw, 128px\" \/><\/a><\/figure>\n<\/div>\n\n\n\n<p class=\"has-text-align-center\"><a href=\"https:\/\/www.artsably.com\/fr\/enquete-sur-le-lancement-dartsably\/\">R\u00e9pondre \u00e0 notre enqu\u00eate<\/a><\/p>\n\n\n\n<div class=\"wp-block-group has-global-padding is-layout-constrained wp-block-group-is-layout-constrained\">\n<figure class=\"wp-block-image aligncenter size-full\"><a href=\"https:\/\/www.paypal.com\/donate?hosted_button_id=QXRXK2RUZJ68W\" target=\"_blank\" rel=\"noreferrer noopener\"><img loading=\"lazy\" decoding=\"async\" width=\"128\" height=\"128\" src=\"https:\/\/www.artsably.com\/wp-content\/uploads\/2024\/02\/9151124_peace_agreement_treaty_congratulations_shake_icon_128.png\" alt=\"Deux mains qui s&#039;agitent\" class=\"wp-image-771\" srcset=\"https:\/\/www.artsably.com\/wp-content\/uploads\/2024\/02\/9151124_peace_agreement_treaty_congratulations_shake_icon_128.png 128w, https:\/\/www.artsably.com\/wp-content\/uploads\/2024\/02\/9151124_peace_agreement_treaty_congratulations_shake_icon_128-12x12.png 12w\" sizes=\"auto, (max-width: 128px) 100vw, 128px\" \/><\/a><\/figure>\n<\/div>\n\n\n\n<p class=\"has-text-align-center\"><a href=\"https:\/\/www.paypal.com\/donate?hosted_button_id=QXRXK2RUZJ68W\" data-type=\"link\" data-id=\"https:\/\/www.paypal.com\/donate?hosted_button_id=QXRXK2RUZJ68W\" target=\"_blank\" rel=\"noreferrer noopener\">Soutenez-nous<\/a><\/p>\n\n\n\n<div class=\"wp-block-group has-global-padding is-layout-constrained wp-block-group-is-layout-constrained\">\n<figure class=\"wp-block-image aligncenter size-full\"><a href=\"https:\/\/www.artsably.com\/fr\/nous-contacter\/\"><img loading=\"lazy\" decoding=\"async\" width=\"256\" height=\"128\" src=\"https:\/\/www.artsably.com\/wp-content\/uploads\/2024\/02\/34317_email_envelope_mail_calendar_icon_128.png\" alt=\"Deux logos repr\u00e9sentant un calendrier et une enveloppe.\" class=\"wp-image-767\" srcset=\"https:\/\/www.artsably.com\/wp-content\/uploads\/2024\/02\/34317_email_envelope_mail_calendar_icon_128.png 256w, https:\/\/www.artsably.com\/wp-content\/uploads\/2024\/02\/34317_email_envelope_mail_calendar_icon_128-18x9.png 18w\" sizes=\"auto, (max-width: 256px) 100vw, 256px\" \/><\/a><\/figure>\n<\/div>\n\n\n\n<p class=\"has-text-align-center\"><a href=\"https:\/\/www.artsably.com\/fr\/nous-contacter\/\">Contactez-nous ou prenez rendez-vous<\/a><\/p>\n<\/div>\n\n\n\n<div style=\"height:20px\" aria-hidden=\"true\" class=\"wp-block-spacer\"><\/div>","protected":false},"excerpt":{"rendered":"<p>ArtsAbly offers help to artistic structures to improve their accessibility to performers with disabilities, and conversations about disability and accessibility in schools and university classrooms. By engaging and exchanging, our [&hellip;]<\/p>\n","protected":false},"author":1,"featured_media":0,"parent":0,"menu_order":0,"comment_status":"closed","ping_status":"closed","template":"","meta":{"_EventAllDay":false,"_EventTimezone":"","_EventStartDate":"","_EventEndDate":"","_EventStartDateUTC":"","_EventEndDateUTC":"","_EventShowMap":false,"_EventShowMapLink":false,"_EventURL":"","_EventCost":"","_EventCostDescription":"","_EventCurrencySymbol":"","_EventCurrencyCode":"","_EventCurrencyPosition":"","_EventDateTimeSeparator":"","_EventTimeRangeSeparator":"","_EventOrganizerID":[],"_EventVenueID":[],"_OrganizerEmail":"","_OrganizerPhone":"","_OrganizerWebsite":"","_VenueAddress":"","_VenueCity":"","_VenueCountry":"","_VenueProvince":"","_VenueState":"","_VenueZip":"","_VenuePhone":"","_VenueURL":"","_VenueStateProvince":"","_VenueLat":"","_VenueLng":"","_VenueShowMap":false,"_VenueShowMapLink":false,"footnotes":""},"class_list":["post-766","page","type-page","status-publish","hentry"],"_links":{"self":[{"href":"https:\/\/www.artsably.com\/fr\/wp-json\/wp\/v2\/pages\/766","targetHints":{"allow":["GET"]}}],"collection":[{"href":"https:\/\/www.artsably.com\/fr\/wp-json\/wp\/v2\/pages"}],"about":[{"href":"https:\/\/www.artsably.com\/fr\/wp-json\/wp\/v2\/types\/page"}],"author":[{"embeddable":true,"href":"https:\/\/www.artsably.com\/fr\/wp-json\/wp\/v2\/users\/1"}],"replies":[{"embeddable":true,"href":"https:\/\/www.artsably.com\/fr\/wp-json\/wp\/v2\/comments?post=766"}],"version-history":[{"count":13,"href":"https:\/\/www.artsably.com\/fr\/wp-json\/wp\/v2\/pages\/766\/revisions"}],"predecessor-version":[{"id":961,"href":"https:\/\/www.artsably.com\/fr\/wp-json\/wp\/v2\/pages\/766\/revisions\/961"}],"wp:attachment":[{"href":"https:\/\/www.artsably.com\/fr\/wp-json\/wp\/v2\/media?parent=766"}],"curies":[{"name":"wp","href":"https:\/\/api.w.org\/{rel}","templated":true}]}}