{"id":858,"date":"2024-03-09T14:41:19","date_gmt":"2024-03-09T19:41:19","guid":{"rendered":"https:\/\/www.artsably.com\/subscribe-to-podcast\/"},"modified":"2024-03-09T14:41:19","modified_gmt":"2024-03-09T19:41:19","slug":"sabonner-au-podcast","status":"publish","type":"page","link":"https:\/\/www.artsably.com\/fr\/subscribe-to-podcast\/","title":{"rendered":"S'abonner au podcast"},"content":{"rendered":"<h3>iOS (iPhone, iPad et iPod)<\/h3>\n<p>Pour vous abonner, s\u00e9lectionnez le bouton \"S'abonner \u00e0 Apple Podcasts\" ci-dessus.<\/p>\n<h3>Mac et Windows<\/h3>\n<p>Pour vous abonner, s\u00e9lectionnez le bouton \"S'abonner \u00e0 Apple Podcasts\" ci-dessus.<\/p>\n<h3>Android et Amazon Fire<\/h3>\n<p>Pour vous abonner, s\u00e9lectionnez le bouton \"S'abonner sur Android\" ci-dessus.<\/p>\n<h3>Votre application pr\u00e9f\u00e9r\u00e9e<\/h3>\n<p>Copiez l'adresse trouv\u00e9e dans la bo\u00eete ci-dessus et collez-la dans votre application de podcast ou votre lecteur de nouvelles pr\u00e9f\u00e9r\u00e9.<\/p>\n<h3>Ajoutez ce podcast \u00e0 vos favoris<\/h3>\n<p>Pour ajouter ce podcast \u00e0 vos favoris, appuyez sur les touches \"Ctrl\" et \"D\" de votre clavier Windows, ou \"Commande\" + \"D\" pour Mac.<\/p>","protected":false},"excerpt":{"rendered":"<p>iOS (iPhone, iPad, and iPod) To subscribe, select the &quot;Subscribe on Apple Podcasts&quot; button above. Mac and Windows To subscribe, select the &quot;Subscribe on Apple Podcasts&quot; button above. Android and [&hellip;]<\/p>\n","protected":false},"author":1,"featured_media":0,"parent":0,"menu_order":0,"comment_status":"closed","ping_status":"closed","template":"","meta":{"_EventAllDay":false,"_EventTimezone":"","_EventStartDate":"","_EventEndDate":"","_EventStartDateUTC":"","_EventEndDateUTC":"","_EventShowMap":false,"_EventShowMapLink":false,"_EventURL":"","_EventCost":"","_EventCostDescription":"","_EventCurrencySymbol":"","_EventCurrencyCode":"","_EventCurrencyPosition":"","_EventDateTimeSeparator":"","_EventTimeRangeSeparator":"","_EventOrganizerID":[],"_EventVenueID":[],"_OrganizerEmail":"","_OrganizerPhone":"","_OrganizerWebsite":"","_VenueAddress":"","_VenueCity":"","_VenueCountry":"","_VenueProvince":"","_VenueState":"","_VenueZip":"","_VenuePhone":"","_VenueURL":"","_VenueStateProvince":"","_VenueLat":"","_VenueLng":"","_VenueShowMap":false,"_VenueShowMapLink":false,"footnotes":""},"class_list":["post-858","page","type-page","status-publish","hentry"],"_links":{"self":[{"href":"https:\/\/www.artsably.com\/fr\/wp-json\/wp\/v2\/pages\/858","targetHints":{"allow":["GET"]}}],"collection":[{"href":"https:\/\/www.artsably.com\/fr\/wp-json\/wp\/v2\/pages"}],"about":[{"href":"https:\/\/www.artsably.com\/fr\/wp-json\/wp\/v2\/types\/page"}],"author":[{"embeddable":true,"href":"https:\/\/www.artsably.com\/fr\/wp-json\/wp\/v2\/users\/1"}],"replies":[{"embeddable":true,"href":"https:\/\/www.artsably.com\/fr\/wp-json\/wp\/v2\/comments?post=858"}],"version-history":[{"count":0,"href":"https:\/\/www.artsably.com\/fr\/wp-json\/wp\/v2\/pages\/858\/revisions"}],"wp:attachment":[{"href":"https:\/\/www.artsably.com\/fr\/wp-json\/wp\/v2\/media?parent=858"}],"curies":[{"name":"wp","href":"https:\/\/api.w.org\/{rel}","templated":true}]}}