{"id":867,"date":"2024-03-09T15:24:55","date_gmt":"2024-03-09T20:24:55","guid":{"rendered":"https:\/\/www.artsably.com\/?page_id=867"},"modified":"2024-08-10T15:08:41","modified_gmt":"2024-08-10T19:08:41","slug":"liste-podcast","status":"publish","type":"page","link":"https:\/\/www.artsably.com\/fr\/podcast-list\/","title":{"rendered":"Podcast"},"content":{"rendered":"<div class=\"wp-block-group has-global-padding is-layout-constrained wp-block-group-is-layout-constrained\">\n<p><strong>\"ArtsAbly en conversation : Les arts et l'accessibilit\u00e9\"<\/strong> pr\u00e9sente des artistes, des universitaires et des experts qui explorent les diff\u00e9rents aspects de l'accessibilit\u00e9 et du handicap dans les arts, du point de vue des spectateurs, des artistes et des lieux de spectacle.<\/p>\n\n\n\n<p>Ce podcast peut \u00eatre suivi sur diverses plateformes. <\/p>\n\n\n\n<p>Les <strong>vid\u00e9os<\/strong> de nos interviews sont disponibles sur <a href=\"https:\/\/www.youtube.com\/@ArtsAbly\" target=\"_blank\" rel=\"noreferrer noopener\">notre cha\u00eene YouTube<\/a> avec sous-titrage et transcription.<\/p>\n\n\n\n<figure class=\"wp-block-image aligncenter size-full\"><a href=\"https:\/\/www.youtube.com\/@ArtsAbly\" target=\"_blank\" rel=\"noreferrer noopener\"><img loading=\"lazy\" decoding=\"async\" width=\"263\" height=\"100\" src=\"https:\/\/www.artsably.com\/wp-content\/uploads\/2024\/03\/YouTube-100h-2.png\" alt=\"Logo de YouTube, You \u00e9crit en noir sur fond blanc et Tube \u00e9crit en blanc sur un fond carr\u00e9 arrondi rouge.\" class=\"wp-image-936\" srcset=\"https:\/\/www.artsably.com\/wp-content\/uploads\/2024\/03\/YouTube-100h-2.png 263w, https:\/\/www.artsably.com\/wp-content\/uploads\/2024\/03\/YouTube-100h-2-18x7.png 18w\" sizes=\"auto, (max-width: 263px) 100vw, 263px\" \/><\/a><\/figure>\n\n\n\n<p>Les <strong>\u00e9pisodes audio<\/strong> peuvent \u00eatre \u00e9cout\u00e9s sur ce site web avec des transcriptions, et sont \u00e9galement disponibles sur <a href=\"https:\/\/open.spotify.com\/show\/0lRPBn6byarRtVZjgW6FRU?si=91fb5765c9d54ed9\" target=\"_blank\" rel=\"noreferrer noopener\">Spotify<\/a> et <a href=\"https:\/\/podcasts.apple.com\/ca\/podcast\/artsably-in-conversation-arts-and-accessibility\/id1735151447?l=fr-CA&amp;mt=2&amp;ls=1\" target=\"_blank\" rel=\"noreferrer noopener\">Apple Music<\/a>\u00a0et diverses plates-formes r\u00e9pertori\u00e9es sur la page <a href=\"https:\/\/www.artsably.com\/fr\/sabonner-au-podcast\/\" target=\"_blank\" rel=\"noreferrer noopener\">S'abonner au podcast<\/a> &nbsp;.<\/p>\n\n\n\n<div class=\"wp-block-columns is-layout-flex wp-container-core-columns-is-layout-28f84493 wp-block-columns-is-layout-flex\">\n<div class=\"wp-block-column is-layout-flow wp-block-column-is-layout-flow\">\n<figure class=\"wp-block-image aligncenter size-full\"><a href=\"https:\/\/open.spotify.com\/show\/0lRPBn6byarRtVZjgW6FRU?si=91fb5765c9d54ed9\" target=\"_blank\" rel=\"noreferrer noopener\"><img loading=\"lazy\" decoding=\"async\" width=\"263\" height=\"100\" src=\"https:\/\/www.artsably.com\/wp-content\/uploads\/2024\/03\/spotify-podcasts-100h.png\" alt=\"Logo de Spotify Podcasts, cercle vert avec des vagues blanches\" class=\"wp-image-916\" srcset=\"https:\/\/www.artsably.com\/wp-content\/uploads\/2024\/03\/spotify-podcasts-100h.png 263w, https:\/\/www.artsably.com\/wp-content\/uploads\/2024\/03\/spotify-podcasts-100h-18x7.png 18w\" sizes=\"auto, (max-width: 263px) 100vw, 263px\" \/><\/a><\/figure>\n<\/div>\n\n\n\n<div class=\"wp-block-column is-layout-flow wp-block-column-is-layout-flow\">\n<figure class=\"wp-block-image aligncenter size-full\"><a href=\"https:\/\/podcasts.apple.com\/ca\/podcast\/artsably-in-conversation-arts-and-accessibility\/id1735151447?l=fr-CA&amp;mt=2&amp;ls=1\" target=\"_blank\" rel=\"noreferrer noopener\"><img loading=\"lazy\" decoding=\"async\" width=\"263\" height=\"100\" src=\"https:\/\/www.artsably.com\/wp-content\/uploads\/2024\/03\/Apple-podcasts-100h.png\" alt=\"Logo d&#039;Apple Podcasts, carr\u00e9 rose avec des vagues blanches\" class=\"wp-image-915\" srcset=\"https:\/\/www.artsably.com\/wp-content\/uploads\/2024\/03\/Apple-podcasts-100h.png 263w, https:\/\/www.artsably.com\/wp-content\/uploads\/2024\/03\/Apple-podcasts-100h-18x7.png 18w\" sizes=\"auto, (max-width: 263px) 100vw, 263px\" \/><\/a><\/figure>\n<\/div>\n<\/div>\n<\/div>\n\n\n\n<div class=\"wp-block-group has-global-padding is-layout-constrained wp-block-group-is-layout-constrained\">\n<div class=\"wp-block-query is-layout-flow wp-block-query-is-layout-flow\">\n<hr class=\"wp-block-separator has-alpha-channel-opacity is-style-wide\"\/>\n\n\n\n<h2 class=\"wp-block-heading has-text-align-center\">Liste des \u00e9pisodes<\/h2>\n\n\n\n<div style=\"height:20px\" aria-hidden=\"true\" class=\"wp-block-spacer\"><\/div>\n\n\n<ul class=\"wp-block-post-template is-layout-flow wp-block-post-template-is-layout-flow\"><li class=\"wp-block-post post-3570 post type-post status-publish format-standard has-post-thumbnail hentry category-podcast-episodes\">\n\n<div class=\"wp-block-columns is-layout-flex wp-container-core-columns-is-layout-28f84493 wp-block-columns-is-layout-flex\">\n<div class=\"wp-block-column is-layout-flow wp-block-column-is-layout-flow\" style=\"flex-basis:66.66%\"><h3 style=\"padding-top:var(--wp--preset--spacing--10);padding-bottom:var(--wp--preset--spacing--10);\" class=\"wp-block-post-title has-large-font-size\"><a href=\"https:\/\/www.artsably.com\/fr\/episode-55-artsably-in-conversation-with-eric-whitmer\/\" target=\"_self\" >\u00c9pisode 55 : ArtsAbly en conversation avec Eric Whitmer<\/a><\/h3>\n\n<div class=\"wp-block-post-date\"><time datetime=\"2026-01-23T09:00:00-05:00\">23 janvier 2026<\/time><\/div><\/div>\n\n\n\n<div class=\"wp-block-column is-layout-flow wp-block-column-is-layout-flow\" style=\"flex-basis:33.33%\"><figure style=\"padding-top:var(--wp--preset--spacing--10);padding-bottom:var(--wp--preset--spacing--10);\" class=\"wp-block-post-featured-image\"><a href=\"https:\/\/www.artsably.com\/fr\/episode-55-artsably-in-conversation-with-eric-whitmer\/\" target=\"_self\"  ><img loading=\"lazy\" decoding=\"async\" width=\"1080\" height=\"1080\" src=\"https:\/\/www.artsably.com\/wp-content\/uploads\/2026\/01\/ArtsAbly-055-Episode-Cover-podcast.png\" class=\"attachment-post-thumbnail size-post-thumbnail wp-post-image\" alt=\"\u00c9pisode 55 : ArtsAbly en conversation avec Eric Whitmer\" style=\"object-fit:cover;\" srcset=\"https:\/\/www.artsably.com\/wp-content\/uploads\/2026\/01\/ArtsAbly-055-Episode-Cover-podcast.png 1080w, https:\/\/www.artsably.com\/wp-content\/uploads\/2026\/01\/ArtsAbly-055-Episode-Cover-podcast-300x300.png 300w, https:\/\/www.artsably.com\/wp-content\/uploads\/2026\/01\/ArtsAbly-055-Episode-Cover-podcast-1024x1024.png 1024w, https:\/\/www.artsably.com\/wp-content\/uploads\/2026\/01\/ArtsAbly-055-Episode-Cover-podcast-150x150.png 150w, https:\/\/www.artsably.com\/wp-content\/uploads\/2026\/01\/ArtsAbly-055-Episode-Cover-podcast-768x768.png 768w, https:\/\/www.artsably.com\/wp-content\/uploads\/2026\/01\/ArtsAbly-055-Episode-Cover-podcast-12x12.png 12w\" sizes=\"auto, (max-width: 1080px) 100vw, 1080px\" \/><\/a><\/figure><\/div>\n<\/div>\n\n<\/li><li class=\"wp-block-post post-3519 post type-post status-publish format-standard has-post-thumbnail hentry category-podcast-episodes\">\n\n<div class=\"wp-block-columns is-layout-flex wp-container-core-columns-is-layout-28f84493 wp-block-columns-is-layout-flex\">\n<div class=\"wp-block-column is-layout-flow wp-block-column-is-layout-flow\" style=\"flex-basis:66.66%\"><h3 style=\"padding-top:var(--wp--preset--spacing--10);padding-bottom:var(--wp--preset--spacing--10);\" class=\"wp-block-post-title has-large-font-size\"><a href=\"https:\/\/www.artsably.com\/fr\/episode-54-artsably-in-conversation-with-robyn-rennie\/\" target=\"_self\" >\u00c9pisode 54 : ArtsAbly en conversation avec Robyn Rennie<\/a><\/h3>\n\n<div class=\"wp-block-post-date\"><time datetime=\"2026-01-16T09:00:00-05:00\">16 janvier 2026<\/time><\/div><\/div>\n\n\n\n<div class=\"wp-block-column is-layout-flow wp-block-column-is-layout-flow\" style=\"flex-basis:33.33%\"><figure style=\"padding-top:var(--wp--preset--spacing--10);padding-bottom:var(--wp--preset--spacing--10);\" class=\"wp-block-post-featured-image\"><a href=\"https:\/\/www.artsably.com\/fr\/episode-54-artsably-in-conversation-with-robyn-rennie\/\" target=\"_self\"  ><img loading=\"lazy\" decoding=\"async\" width=\"1080\" height=\"1080\" src=\"https:\/\/www.artsably.com\/wp-content\/uploads\/2026\/01\/Episode-54-Cover-podcast.png\" class=\"attachment-post-thumbnail size-post-thumbnail wp-post-image\" alt=\"\u00c9pisode 54 : ArtsAbly en conversation avec Robyn Rennie\" style=\"object-fit:cover;\" srcset=\"https:\/\/www.artsably.com\/wp-content\/uploads\/2026\/01\/Episode-54-Cover-podcast.png 1080w, https:\/\/www.artsably.com\/wp-content\/uploads\/2026\/01\/Episode-54-Cover-podcast-300x300.png 300w, https:\/\/www.artsably.com\/wp-content\/uploads\/2026\/01\/Episode-54-Cover-podcast-1024x1024.png 1024w, https:\/\/www.artsably.com\/wp-content\/uploads\/2026\/01\/Episode-54-Cover-podcast-150x150.png 150w, https:\/\/www.artsably.com\/wp-content\/uploads\/2026\/01\/Episode-54-Cover-podcast-768x768.png 768w, https:\/\/www.artsably.com\/wp-content\/uploads\/2026\/01\/Episode-54-Cover-podcast-12x12.png 12w\" sizes=\"auto, (max-width: 1080px) 100vw, 1080px\" \/><\/a><\/figure><\/div>\n<\/div>\n\n<\/li><li class=\"wp-block-post post-3486 post type-post status-publish format-standard has-post-thumbnail hentry category-podcast-episodes\">\n\n<div class=\"wp-block-columns is-layout-flex wp-container-core-columns-is-layout-28f84493 wp-block-columns-is-layout-flex\">\n<div class=\"wp-block-column is-layout-flow wp-block-column-is-layout-flow\" style=\"flex-basis:66.66%\"><h3 style=\"padding-top:var(--wp--preset--spacing--10);padding-bottom:var(--wp--preset--spacing--10);\" class=\"wp-block-post-title has-large-font-size\"><a href=\"https:\/\/www.artsably.com\/fr\/episode-53-artsably-in-conversation-with-seeley-quest\/\" target=\"_self\" >\u00c9pisode 53 : ArtsAbly en conversation avec seeley quest<\/a><\/h3>\n\n<div class=\"wp-block-post-date\"><time datetime=\"2026-01-09T09:00:00-05:00\">9 janvier 2026<\/time><\/div><\/div>\n\n\n\n<div class=\"wp-block-column is-layout-flow wp-block-column-is-layout-flow\" style=\"flex-basis:33.33%\"><figure style=\"padding-top:var(--wp--preset--spacing--10);padding-bottom:var(--wp--preset--spacing--10);\" class=\"wp-block-post-featured-image\"><a href=\"https:\/\/www.artsably.com\/fr\/episode-53-artsably-in-conversation-with-seeley-quest\/\" target=\"_self\"  ><img loading=\"lazy\" decoding=\"async\" width=\"1080\" height=\"1080\" src=\"https:\/\/www.artsably.com\/wp-content\/uploads\/2026\/01\/Cover-podcast-episode.png\" class=\"attachment-post-thumbnail size-post-thumbnail wp-post-image\" alt=\"\u00c9pisode 53 : ArtsAbly en conversation avec seeley quest\" style=\"object-fit:cover;\" srcset=\"https:\/\/www.artsably.com\/wp-content\/uploads\/2026\/01\/Cover-podcast-episode.png 1080w, https:\/\/www.artsably.com\/wp-content\/uploads\/2026\/01\/Cover-podcast-episode-300x300.png 300w, https:\/\/www.artsably.com\/wp-content\/uploads\/2026\/01\/Cover-podcast-episode-1024x1024.png 1024w, https:\/\/www.artsably.com\/wp-content\/uploads\/2026\/01\/Cover-podcast-episode-150x150.png 150w, https:\/\/www.artsably.com\/wp-content\/uploads\/2026\/01\/Cover-podcast-episode-768x768.png 768w, https:\/\/www.artsably.com\/wp-content\/uploads\/2026\/01\/Cover-podcast-episode-12x12.png 12w\" sizes=\"auto, (max-width: 1080px) 100vw, 1080px\" \/><\/a><\/figure><\/div>\n<\/div>\n\n<\/li><li class=\"wp-block-post post-2759 post type-post status-publish format-standard has-post-thumbnail hentry category-podcast-episodes\">\n\n<div class=\"wp-block-columns is-layout-flex wp-container-core-columns-is-layout-28f84493 wp-block-columns-is-layout-flex\">\n<div class=\"wp-block-column is-layout-flow wp-block-column-is-layout-flow\" style=\"flex-basis:66.66%\"><h3 style=\"padding-top:var(--wp--preset--spacing--10);padding-bottom:var(--wp--preset--spacing--10);\" class=\"wp-block-post-title has-large-font-size\"><a href=\"https:\/\/www.artsably.com\/fr\/episode-52-artsably-in-conversation-with-riccardo-baldini\/\" target=\"_self\" >\u00c9pisode 52 : ArtsAbly en conversation avec Riccardo Baldini<\/a><\/h3>\n\n<div class=\"wp-block-post-date\"><time datetime=\"2025-06-27T08:00:00-04:00\">27 juin 2025<\/time><\/div><\/div>\n\n\n\n<div class=\"wp-block-column is-layout-flow wp-block-column-is-layout-flow\" style=\"flex-basis:33.33%\"><figure style=\"padding-top:var(--wp--preset--spacing--10);padding-bottom:var(--wp--preset--spacing--10);\" class=\"wp-block-post-featured-image\"><a href=\"https:\/\/www.artsably.com\/fr\/episode-52-artsably-in-conversation-with-riccardo-baldini\/\" target=\"_self\"  ><img loading=\"lazy\" decoding=\"async\" width=\"2000\" height=\"2000\" src=\"https:\/\/www.artsably.com\/wp-content\/uploads\/2025\/06\/Riccardo_Baldini_square.jpg\" class=\"attachment-post-thumbnail size-post-thumbnail wp-post-image\" alt=\"\u00c9pisode 52 : ArtsAbly en conversation avec Riccardo Baldini\" style=\"object-fit:cover;\" srcset=\"https:\/\/www.artsably.com\/wp-content\/uploads\/2025\/06\/Riccardo_Baldini_square.jpg 2000w, https:\/\/www.artsably.com\/wp-content\/uploads\/2025\/06\/Riccardo_Baldini_square-300x300.jpg 300w, https:\/\/www.artsably.com\/wp-content\/uploads\/2025\/06\/Riccardo_Baldini_square-1024x1024.jpg 1024w, https:\/\/www.artsably.com\/wp-content\/uploads\/2025\/06\/Riccardo_Baldini_square-150x150.jpg 150w, https:\/\/www.artsably.com\/wp-content\/uploads\/2025\/06\/Riccardo_Baldini_square-768x768.jpg 768w, https:\/\/www.artsably.com\/wp-content\/uploads\/2025\/06\/Riccardo_Baldini_square-1536x1536.jpg 1536w, https:\/\/www.artsably.com\/wp-content\/uploads\/2025\/06\/Riccardo_Baldini_square-12x12.jpg 12w, https:\/\/www.artsably.com\/wp-content\/uploads\/2025\/06\/Riccardo_Baldini_square-1320x1320.jpg 1320w\" sizes=\"auto, (max-width: 2000px) 100vw, 2000px\" \/><\/a><\/figure><\/div>\n<\/div>\n\n<\/li><li class=\"wp-block-post post-2721 post type-post status-publish format-standard has-post-thumbnail hentry category-podcast-episodes\">\n\n<div class=\"wp-block-columns is-layout-flex wp-container-core-columns-is-layout-28f84493 wp-block-columns-is-layout-flex\">\n<div class=\"wp-block-column is-layout-flow wp-block-column-is-layout-flow\" style=\"flex-basis:66.66%\"><h3 style=\"padding-top:var(--wp--preset--spacing--10);padding-bottom:var(--wp--preset--spacing--10);\" class=\"wp-block-post-title has-large-font-size\"><a href=\"https:\/\/www.artsably.com\/fr\/episode-51-artsably-in-conversation-with-dr-cyncorrigible\/\" target=\"_self\" >\u00c9pisode 51 : ArtsAbly en conversation avec le Dr CynCorrigible<\/a><\/h3>\n\n<div class=\"wp-block-post-date\"><time datetime=\"2025-06-20T08:00:00-04:00\">20 juin 2025<\/time><\/div><\/div>\n\n\n\n<div class=\"wp-block-column is-layout-flow wp-block-column-is-layout-flow\" style=\"flex-basis:33.33%\"><figure style=\"padding-top:var(--wp--preset--spacing--10);padding-bottom:var(--wp--preset--spacing--10);\" class=\"wp-block-post-featured-image\"><a href=\"https:\/\/www.artsably.com\/fr\/episode-51-artsably-in-conversation-with-dr-cyncorrigible\/\" target=\"_self\"  ><img loading=\"lazy\" decoding=\"async\" width=\"2560\" height=\"2560\" src=\"https:\/\/www.artsably.com\/wp-content\/uploads\/2025\/06\/Dr-Cyn-square-scaled.jpg\" class=\"attachment-post-thumbnail size-post-thumbnail wp-post-image\" alt=\"\u00c9pisode 51 : ArtsAbly en conversation avec le Dr CynCorrigible\" style=\"object-fit:cover;\" srcset=\"https:\/\/www.artsably.com\/wp-content\/uploads\/2025\/06\/Dr-Cyn-square-scaled.jpg 2560w, https:\/\/www.artsably.com\/wp-content\/uploads\/2025\/06\/Dr-Cyn-square-300x300.jpg 300w, https:\/\/www.artsably.com\/wp-content\/uploads\/2025\/06\/Dr-Cyn-square-1024x1024.jpg 1024w, https:\/\/www.artsably.com\/wp-content\/uploads\/2025\/06\/Dr-Cyn-square-150x150.jpg 150w, https:\/\/www.artsably.com\/wp-content\/uploads\/2025\/06\/Dr-Cyn-square-768x768.jpg 768w, https:\/\/www.artsably.com\/wp-content\/uploads\/2025\/06\/Dr-Cyn-square-1536x1536.jpg 1536w, https:\/\/www.artsably.com\/wp-content\/uploads\/2025\/06\/Dr-Cyn-square-2048x2048.jpg 2048w, https:\/\/www.artsably.com\/wp-content\/uploads\/2025\/06\/Dr-Cyn-square-12x12.jpg 12w, https:\/\/www.artsably.com\/wp-content\/uploads\/2025\/06\/Dr-Cyn-square-1320x1320.jpg 1320w\" sizes=\"auto, (max-width: 2560px) 100vw, 2560px\" \/><\/a><\/figure><\/div>\n<\/div>\n\n<\/li><\/ul>\n\n\n<hr class=\"wp-block-separator has-alpha-channel-opacity is-style-default\"\/>\n\n\n\n<div style=\"height:20px\" aria-hidden=\"true\" class=\"wp-block-spacer\"><\/div>\n\n\n<nav class=\"wp-block-query-pagination is-layout-flex wp-block-query-pagination-is-layout-flex\" aria-label=\"Pagination\">\n\n\n<div class=\"wp-block-query-pagination-numbers\"><span aria-current=\"page\" class=\"page-numbers current\">1<\/span>\n<a class=\"page-numbers\" href=\"?query-19-page=2\">2<\/a>\n<a class=\"page-numbers\" href=\"?query-19-page=3\">3<\/a>\n<span class=\"page-numbers dots\">...<\/span>\n<a class=\"page-numbers\" href=\"?query-19-page=11\">11<\/a><\/div>\n\n<a href=\"\/fr\/wp-json\/wp\/v2\/pages\/867?query-19-page=2\" class=\"wp-block-query-pagination-next\">Page suivante<\/a>\n<\/nav>\n\n<\/div>\n<\/div>","protected":false},"excerpt":{"rendered":"<p>&#8220;ArtsAbly in Conversation: Arts and Accessibility&#8221; features artists, scholars and experts who explore the diverse sides of accessibility and disability in the arts, from the audience members&#8217; perspective, the performers&#8217; [&hellip;]<\/p>\n","protected":false},"author":1,"featured_media":0,"parent":0,"menu_order":0,"comment_status":"closed","ping_status":"closed","template":"","meta":{"_EventAllDay":false,"_EventTimezone":"","_EventStartDate":"","_EventEndDate":"","_EventStartDateUTC":"","_EventEndDateUTC":"","_EventShowMap":false,"_EventShowMapLink":false,"_EventURL":"","_EventCost":"","_EventCostDescription":"","_EventCurrencySymbol":"","_EventCurrencyCode":"","_EventCurrencyPosition":"","_EventDateTimeSeparator":"","_EventTimeRangeSeparator":"","_EventOrganizerID":[],"_EventVenueID":[],"_OrganizerEmail":"","_OrganizerPhone":"","_OrganizerWebsite":"","_VenueAddress":"","_VenueCity":"","_VenueCountry":"","_VenueProvince":"","_VenueState":"","_VenueZip":"","_VenuePhone":"","_VenueURL":"","_VenueStateProvince":"","_VenueLat":"","_VenueLng":"","_VenueShowMap":false,"_VenueShowMapLink":false,"footnotes":""},"class_list":["post-867","page","type-page","status-publish","hentry"],"_links":{"self":[{"href":"https:\/\/www.artsably.com\/fr\/wp-json\/wp\/v2\/pages\/867","targetHints":{"allow":["GET"]}}],"collection":[{"href":"https:\/\/www.artsably.com\/fr\/wp-json\/wp\/v2\/pages"}],"about":[{"href":"https:\/\/www.artsably.com\/fr\/wp-json\/wp\/v2\/types\/page"}],"author":[{"embeddable":true,"href":"https:\/\/www.artsably.com\/fr\/wp-json\/wp\/v2\/users\/1"}],"replies":[{"embeddable":true,"href":"https:\/\/www.artsably.com\/fr\/wp-json\/wp\/v2\/comments?post=867"}],"version-history":[{"count":17,"href":"https:\/\/www.artsably.com\/fr\/wp-json\/wp\/v2\/pages\/867\/revisions"}],"predecessor-version":[{"id":1609,"href":"https:\/\/www.artsably.com\/fr\/wp-json\/wp\/v2\/pages\/867\/revisions\/1609"}],"wp:attachment":[{"href":"https:\/\/www.artsably.com\/fr\/wp-json\/wp\/v2\/media?parent=867"}],"curies":[{"name":"wp","href":"https:\/\/api.w.org\/{rel}","templated":true}]}}